{"id":730,"date":"2015-04-16T15:23:54","date_gmt":"2015-04-16T18:23:54","guid":{"rendered":"\/?page_id=730"},"modified":"2021-04-01T09:09:43","modified_gmt":"2021-04-01T12:09:43","slug":"vortex-healing","status":"publish","type":"page","link":"https:\/\/pablomrobles.org\/en\/vortex-healing\/","title":{"rendered":"VortexHealing\u00ae"},"content":{"rendered":"<div class=\"fusion-fullwidth fullwidth-box nonhundred-percent-fullwidth non-hundred-percent-height-scrolling\"  style='background-color: rgba(255,255,255,0);background-position: left top;background-repeat: no-repeat;padding-top:20px;padding-right:0px;padding-bottom:20px;padding-left:0px;border-top-width:0px;border-bottom-width:0px;border-color:#eae9e9;border-top-style:solid;border-bottom-style:solid;'><div class=\"fusion-builder-row fusion-row\"><div  class=\"fusion-layout-column fusion_builder_column fusion_builder_column_1_3  fusion-one-third fusion-column-first 1_3\"  style='margin-top:0px;margin-bottom:20px;width:30.6666%; margin-right: 4%;'>\n\t\t\t\t\t<div class=\"fusion-column-wrapper\" style=\"padding: 0px 0px 0px 0px;background-position:left top;background-repeat:no-repeat;-webkit-background-size:cover;-moz-background-size:cover;-o-background-size:cover;background-size:cover;\"  data-bg-url=\"\">\n\t\t\t\t\t\t<div class=\"element-bottomshadow fusion-image-frame-bottomshadow image-frame-shadow-1\"><style scoped=\"scoped\">.element-bottomshadow.image-frame-shadow-1{display:inline-block}<\/style><span class=\"fusion-imageframe imageframe-bottomshadow imageframe-1 element-bottomshadow hover-type-none\"><img loading=\"lazy\" decoding=\"async\" src=\"https:\/\/pablomrobles.org\/wp-content\/uploads\/2019\/10\/vortex_spiral.png\" width=\"482\" height=\"356\" alt=\"\" title=\"vortex_spiral\" class=\"img-responsive wp-image-4144\" srcset=\"https:\/\/pablomrobles.org\/wp-content\/uploads\/2019\/10\/vortex_spiral-200x148.png 200w, https:\/\/pablomrobles.org\/wp-content\/uploads\/2019\/10\/vortex_spiral-400x295.png 400w, https:\/\/pablomrobles.org\/wp-content\/uploads\/2019\/10\/vortex_spiral.png 482w\" sizes=\"auto, (max-width: 1100px) 100vw, 400px\" \/><\/span><\/div><div class=\"fusion-clearfix\"><\/div>\n\n\t\t\t\t\t<\/div>\n\t\t\t\t<\/div><div  class=\"fusion-layout-column fusion_builder_column fusion_builder_column_2_3  fusion-two-third fusion-column-last 2_3\"  style='margin-top:0px;margin-bottom:20px;width:65.3333%'>\n\t\t\t\t\t<div class=\"fusion-column-wrapper\" style=\"padding: 0px 0px 0px 0px;background-position:left top;background-repeat:no-repeat;-webkit-background-size:cover;-moz-background-size:cover;-o-background-size:cover;background-size:cover;\"  data-bg-url=\"\">\n\t\t\t\t\t\t<div class=\"fusion-title title fusion-title-size-two\" style=\"margin-top:0px;margin-bottom:31px;\"><h2 class=\"title-heading-left\">VortexHealing\u00ae<\/h2><div class=\"title-sep-container\"><div class=\"title-sep sep-single sep-solid\" style=\"border-color:#e0dede;\"><\/div><\/div><\/div><div class=\"fusion-text\"><p>Holistic system of energetic healing that channels divine light and consciousness to heal the body, transform emotional patterns and awaken the True Being. Using the transformative power of Divine Consciousness and Energy, one can work on both emotional issues and all aspects of the system. energetic, karmic, including chakras, energy meridians, energy bodies and physical body.<\/p>\n<p>* Face-to-face sessions.<\/p>\n<p>* Sesiones v\u00eda Zoom a cualquier parte del mundo. (en espa\u00f1ol, portugu\u00e9s o ingl\u00e9s)<\/p>\n<\/div><span class=\"fusion-imageframe imageframe-none imageframe-2 hover-type-none\"><img loading=\"lazy\" decoding=\"async\" src=\"https:\/\/pablomrobles.org\/wp-content\/uploads\/2015\/05\/vortex_healing1.jpg\" width=\"1024\" height=\"681\" alt=\"\" title=\"vortex_healing1\" class=\"img-responsive wp-image-2055\" srcset=\"https:\/\/pablomrobles.org\/wp-content\/uploads\/2015\/05\/vortex_healing1-300x200.jpg 300w, https:\/\/pablomrobles.org\/wp-content\/uploads\/2015\/05\/vortex_healing1.jpg 1024w\" sizes=\"auto, (max-width: 1024px) 100vw, 1024px\" \/><\/span><div class=\"fusion-sep-clear\"><\/div><div class=\"fusion-separator fusion-full-width-sep sep-none\" style=\"margin-left: auto;margin-right: auto;margin-top:20px;\"><\/div><div class=\"fusion-button-wrapper fusion-alignright\"><style type=\"text\/css\" scoped=\"scoped\">.fusion-button.button-1 .fusion-button-text, .fusion-button.button-1 i {color:#ffffff;}.fusion-button.button-1 {border-width:1px;border-color:#ffffff;}.fusion-button.button-1 .fusion-button-icon-divider{border-color:#ffffff;}.fusion-button.button-1:hover .fusion-button-text, .fusion-button.button-1:hover i,.fusion-button.button-1:focus .fusion-button-text, .fusion-button.button-1:focus i,.fusion-button.button-1:active .fusion-button-text, .fusion-button.button-1:active{color:#fcfcfc;}.fusion-button.button-1:hover, .fusion-button.button-1:focus, .fusion-button.button-1:active{border-width:1px;border-color:#fcfcfc;}.fusion-button.button-1:hover .fusion-button-icon-divider, .fusion-button.button-1:hover .fusion-button-icon-divider, .fusion-button.button-1:active .fusion-button-icon-divider{border-color:#fcfcfc;}.fusion-button.button-1{background: #00b5c7;\n\t\t\t\t\t\t\tbackground-image: -webkit-gradient( linear, left bottom, left top, from( #009aa8 ), to( #00b5c7 ) );\n\t\t\t\t\t\t\tbackground-image: -webkit-linear-gradient( bottom, #009aa8, #00b5c7 );\n\t\t\t\t\t\t\tbackground-image:   -moz-linear-gradient( bottom, #009aa8, #00b5c7 );\n\t\t\t\t\t\t\tbackground-image:     -o-linear-gradient( bottom, #009aa8, #00b5c7 );\n\t\t\t\t\t\t\tbackground-image: linear-gradient( to top, #009aa8, #00b5c7 );}.fusion-button.button-1:hover,.button-1:focus,.fusion-button.button-1:active{background: #009aa8;\n\t\t\t\t\t\t\tbackground-image: -webkit-gradient( linear, left bottom, left top, from( #00b5c7 ), to( #009aa8 ) );\n\t\t\t\t\t\t\tbackground-image: -webkit-linear-gradient( bottom, #00b5c7, #009aa8 );\n\t\t\t\t\t\t\tbackground-image:   -moz-linear-gradient( bottom, #00b5c7, #009aa8 );\n\t\t\t\t\t\t\tbackground-image:     -o-linear-gradient( bottom, #00b5c7, #009aa8 );\n\t\t\t\t\t\t\tbackground-image: linear-gradient( to top, #00b5c7, #009aa8 );}.fusion-button.button-1{width:auto;}<\/style><a class=\"fusion-button button-flat fusion-button-square button-small button-custom button-1\" target=\"_self\" href=\"\/en\/?page_id=50\"><span class=\"fusion-button-text\">CONTACT<\/span><\/a><\/div><div class=\"fusion-sep-clear\"><\/div><div class=\"fusion-separator fusion-full-width-sep sep-none\" style=\"margin-left: auto;margin-right: auto;margin-top:20px;\"><\/div><div class=\"fusion-button-wrapper fusion-alignright\"><style type=\"text\/css\" scoped=\"scoped\">.fusion-button.button-2 .fusion-button-text, .fusion-button.button-2 i {color:#ffffff;}.fusion-button.button-2 {border-width:1px;border-color:#ffffff;}.fusion-button.button-2 .fusion-button-icon-divider{border-color:#ffffff;}.fusion-button.button-2:hover .fusion-button-text, .fusion-button.button-2:hover i,.fusion-button.button-2:focus .fusion-button-text, .fusion-button.button-2:focus i,.fusion-button.button-2:active .fusion-button-text, .fusion-button.button-2:active{color:#fcfcfc;}.fusion-button.button-2:hover, .fusion-button.button-2:focus, .fusion-button.button-2:active{border-width:1px;border-color:#fcfcfc;}.fusion-button.button-2:hover .fusion-button-icon-divider, .fusion-button.button-2:hover .fusion-button-icon-divider, .fusion-button.button-2:active .fusion-button-icon-divider{border-color:#fcfcfc;}.fusion-button.button-2{background: #00b5c7;\n\t\t\t\t\t\t\tbackground-image: -webkit-gradient( linear, left bottom, left top, from( #009aa8 ), to( #00b5c7 ) );\n\t\t\t\t\t\t\tbackground-image: -webkit-linear-gradient( bottom, #009aa8, #00b5c7 );\n\t\t\t\t\t\t\tbackground-image:   -moz-linear-gradient( bottom, #009aa8, #00b5c7 );\n\t\t\t\t\t\t\tbackground-image:     -o-linear-gradient( bottom, #009aa8, #00b5c7 );\n\t\t\t\t\t\t\tbackground-image: linear-gradient( to top, #009aa8, #00b5c7 );}.fusion-button.button-2:hover,.button-2:focus,.fusion-button.button-2:active{background: #009aa8;\n\t\t\t\t\t\t\tbackground-image: -webkit-gradient( linear, left bottom, left top, from( #00b5c7 ), to( #009aa8 ) );\n\t\t\t\t\t\t\tbackground-image: -webkit-linear-gradient( bottom, #00b5c7, #009aa8 );\n\t\t\t\t\t\t\tbackground-image:   -moz-linear-gradient( bottom, #00b5c7, #009aa8 );\n\t\t\t\t\t\t\tbackground-image:     -o-linear-gradient( bottom, #00b5c7, #009aa8 );\n\t\t\t\t\t\t\tbackground-image: linear-gradient( to top, #00b5c7, #009aa8 );}.fusion-button.button-2{width:auto;}<\/style><a class=\"fusion-button button-flat fusion-button-square button-small button-custom button-2\" target=\"_self\" href=\"\/en\/?page_id=57\"><span class=\"fusion-button-text\">Back to Home of Services and Therapies<\/span><\/a><\/div><div class=\"fusion-clearfix\"><\/div>\n\n\t\t\t\t\t<\/div>\n\t\t\t\t<\/div><\/div><\/div>","protected":false},"excerpt":{"rendered":"","protected":false},"author":1,"featured_media":0,"parent":0,"menu_order":0,"comment_status":"open","ping_status":"open","template":"","meta":{"footnotes":""},"class_list":["post-730","page","type-page","status-publish","hentry"],"_links":{"self":[{"href":"https:\/\/pablomrobles.org\/en\/wp-json\/wp\/v2\/pages\/730","targetHints":{"allow":["GET"]}}],"collection":[{"href":"https:\/\/pablomrobles.org\/en\/wp-json\/wp\/v2\/pages"}],"about":[{"href":"https:\/\/pablomrobles.org\/en\/wp-json\/wp\/v2\/types\/page"}],"author":[{"embeddable":true,"href":"https:\/\/pablomrobles.org\/en\/wp-json\/wp\/v2\/users\/1"}],"replies":[{"embeddable":true,"href":"https:\/\/pablomrobles.org\/en\/wp-json\/wp\/v2\/comments?post=730"}],"version-history":[{"count":21,"href":"https:\/\/pablomrobles.org\/en\/wp-json\/wp\/v2\/pages\/730\/revisions"}],"predecessor-version":[{"id":4791,"href":"https:\/\/pablomrobles.org\/en\/wp-json\/wp\/v2\/pages\/730\/revisions\/4791"}],"wp:attachment":[{"href":"https:\/\/pablomrobles.org\/en\/wp-json\/wp\/v2\/media?parent=730"}],"curies":[{"name":"wp","href":"https:\/\/api.w.org\/{rel}","templated":true}]}}