{"id":4938,"date":"2022-03-27T20:00:55","date_gmt":"2022-03-27T23:00:55","guid":{"rendered":"https:\/\/pablomrobles.org\/?page_id=4938"},"modified":"2022-08-16T18:57:35","modified_gmt":"2022-08-16T21:57:35","slug":"vibra-extatico","status":"publish","type":"page","link":"https:\/\/pablomrobles.org\/en\/vibra-extatico\/","title":{"rendered":"VibrA Ext\u00e1tico"},"content":{"rendered":"<p><div class=\"fusion-fullwidth fullwidth-box nonhundred-percent-fullwidth non-hundred-percent-height-scrolling\"  style='background-color: rgba(255,255,255,0);background-position: center center;background-repeat: no-repeat;padding-top:0px;padding-right:0px;padding-bottom:0px;padding-left:0px;'><div class=\"fusion-builder-row fusion-row \"><div  class=\"fusion-layout-column fusion_builder_column fusion_builder_column_1_1  fusion-one-full fusion-column-first fusion-column-last 1_1\"  style='margin-top:0px;margin-bottom:20px;'>\n\t\t\t\t\t<div class=\"fusion-column-wrapper\" style=\"padding: 0px 0px 0px 0px;background-position:left top;background-repeat:no-repeat;-webkit-background-size:cover;-moz-background-size:cover;-o-background-size:cover;background-size:cover;\"  data-bg-url=\"\">\n\t\t\t\t\t\t<div class=\"fusion-title title fusion-title-size-two\" style=\"margin-top:0px;margin-bottom:31px;\"><h2 class=\"title-heading-left\">VibrA Ext\u00e1tico<\/h2><div class=\"title-sep-container\"><div class=\"title-sep sep-double\" style=\"border-color:#e0dede;\"><\/div><\/div><\/div><div class=\"fusion-text\"><p>\u00bfAlguna vez experimentaste un Ecstatic Dance?<\/p>\n<p>El Ecstatic Dance o baile ext\u00e1tico en espa\u00f1ol es una danza de movimiento libre y consciente. La propuesta invita a conectarnos con nuestro verdadero Ser a trav\u00e9s del baile y la m\u00fasica, soltando cualquier expectativa, prejuicio, liberando las cadenas de la mente para usar las alas de nuestra libertad expresiva.<\/p>\n<p>Daremos inicio a esta experiencia con una Ceremonia de Cacao, siendo conscientes de su poder medicinal para luego entrar en calor y preparar el cuerpo para el baile a trav\u00e9s del Kundalini Yoga.<\/p>\n<p>Para sostener este espacio sagrado de movimiento y expresi\u00f3n, hay 3 simples reglas que debemos respetar:<\/p>\n<p>&#8211; Bailamos descalzos (Y con ropa c\u00f3moda)<br \/>\n&#8211; No utilizamos drogas, tampoco celulares\/c\u00e1maras de fotos<br \/>\n&#8211; No hablamos (nos comunicamos a trav\u00e9s del lenguaje corporal)<\/p>\n<p>Cualquier forma de expresi\u00f3n es BienVenida, aqu\u00ed no hay \u201cbien\u201d o \u201cmal\u201d, siempre y cuando respetemos a la tribu danzante.<\/p>\n<p>&#x1f483;&#x1f57a; Consenso al bailar con otr@s:<\/p>\n<p>Si quisieras conectar con otr@ danzante, por favor estate segur@ del consenso de esa persona:<\/p>\n<p>&#8211; Como decir \u201cNo\u201d de forma no-verbal: Girar hacia otro lado, poner las manos en el pecho como gesto de rezo-agradecimiento<br \/>\n&#8211; Como decir que \u201cSi\u201d de forma no-verbal: Acercarse hacia el otr@, extender tu mano hacia el otr@ como gesto de aprobaci\u00f3n<\/p>\n<\/div><div class=\"fusion-clearfix\"><\/div>\n\n\t\t\t\t\t<\/div>\n\t\t\t\t<\/div><\/div><\/div><div class=\"fusion-fullwidth fullwidth-box nonhundred-percent-fullwidth non-hundred-percent-height-scrolling\"  style='background-color: rgba(255,255,255,0);background-position: center center;background-repeat: no-repeat;padding-top:0px;padding-right:0px;padding-bottom:0px;padding-left:0px;'><div class=\"fusion-builder-row fusion-row \"><div  class=\"fusion-layout-column fusion_builder_column fusion_builder_column_1_1  fusion-one-full fusion-column-first fusion-column-last 1_1\"  style='margin-top:0px;margin-bottom:20px;'>\n\t\t\t\t\t<div class=\"fusion-column-wrapper\" style=\"padding: 0px 0px 0px 0px;background-position:left top;background-repeat:no-repeat;-webkit-background-size:cover;-moz-background-size:cover;-o-background-size:cover;background-size:cover;\"  data-bg-url=\"\">\n\t\t\t\t\t\t<div class=\"fusion-image-carousel fusion-image-carousel-auto lightbox-enabled\"><div class=\"fusion-carousel\" data-autoplay=\"no\" data-columns=\"5\" data-itemmargin=\"13\" data-itemwidth=\"180\" data-touchscroll=\"no\" data-imagesize=\"auto\"><div class=\"fusion-carousel-positioner\"><ul class=\"fusion-carousel-holder\"><li class=\"fusion-carousel-item\"><div class=\"fusion-carousel-item-wrapper\"><div class=\"fusion-image-wrapper hover-type-none\"><a data-rel=\"iLightbox[gallery_image_1]\" data-title=\"Exta\u0301tico1\" aria-label=\"Exta\u0301tico1\" href=\"https:\/\/pablomrobles.org\/wp-content\/uploads\/2022\/03\/Exta\u0301tico1-1024x768.jpg\" target=\"_self\"><img loading=\"lazy\" decoding=\"async\" width=\"4032\" height=\"3024\" src=\"https:\/\/pablomrobles.org\/wp-content\/uploads\/2022\/03\/Exta\u0301tico1.jpg\" class=\"attachment-full size-full\" alt=\"\" srcset=\"https:\/\/pablomrobles.org\/wp-content\/uploads\/2022\/03\/Exta\u0301tico1-16x12.jpg 16w, https:\/\/pablomrobles.org\/wp-content\/uploads\/2022\/03\/Exta\u0301tico1-200x150.jpg 200w, https:\/\/pablomrobles.org\/wp-content\/uploads\/2022\/03\/Exta\u0301tico1-300x225.jpg 300w, https:\/\/pablomrobles.org\/wp-content\/uploads\/2022\/03\/Exta\u0301tico1-400x300.jpg 400w, https:\/\/pablomrobles.org\/wp-content\/uploads\/2022\/03\/Exta\u0301tico1-600x450.jpg 600w, https:\/\/pablomrobles.org\/wp-content\/uploads\/2022\/03\/Exta\u0301tico1-768x576.jpg 768w, https:\/\/pablomrobles.org\/wp-content\/uploads\/2022\/03\/Exta\u0301tico1-800x600.jpg 800w, https:\/\/pablomrobles.org\/wp-content\/uploads\/2022\/03\/Exta\u0301tico1-1024x768.jpg 1024w, https:\/\/pablomrobles.org\/wp-content\/uploads\/2022\/03\/Exta\u0301tico1-1200x900.jpg 1200w, https:\/\/pablomrobles.org\/wp-content\/uploads\/2022\/03\/Exta\u0301tico1.jpg 4032w\" sizes=\"auto, (max-width: 4032px) 100vw, 4032px\" \/><\/a><\/div><\/div><\/li><li class=\"fusion-carousel-item\"><div class=\"fusion-carousel-item-wrapper\"><div class=\"fusion-image-wrapper hover-type-none\"><a data-rel=\"iLightbox[gallery_image_1]\" data-title=\"Exta\u0301tico2\" aria-label=\"Exta\u0301tico2\" href=\"https:\/\/pablomrobles.org\/wp-content\/uploads\/2022\/03\/Exta\u0301tico2-1-1024x768.jpg\" target=\"_self\"><img loading=\"lazy\" decoding=\"async\" width=\"4032\" height=\"3024\" src=\"https:\/\/pablomrobles.org\/wp-content\/uploads\/2022\/03\/Exta\u0301tico2-1.jpg\" class=\"attachment-full size-full\" alt=\"\" srcset=\"https:\/\/pablomrobles.org\/wp-content\/uploads\/2022\/03\/Exta\u0301tico2-1-16x12.jpg 16w, https:\/\/pablomrobles.org\/wp-content\/uploads\/2022\/03\/Exta\u0301tico2-1-200x150.jpg 200w, https:\/\/pablomrobles.org\/wp-content\/uploads\/2022\/03\/Exta\u0301tico2-1-300x225.jpg 300w, https:\/\/pablomrobles.org\/wp-content\/uploads\/2022\/03\/Exta\u0301tico2-1-400x300.jpg 400w, https:\/\/pablomrobles.org\/wp-content\/uploads\/2022\/03\/Exta\u0301tico2-1-600x450.jpg 600w, https:\/\/pablomrobles.org\/wp-content\/uploads\/2022\/03\/Exta\u0301tico2-1-768x576.jpg 768w, https:\/\/pablomrobles.org\/wp-content\/uploads\/2022\/03\/Exta\u0301tico2-1-800x600.jpg 800w, https:\/\/pablomrobles.org\/wp-content\/uploads\/2022\/03\/Exta\u0301tico2-1-1024x768.jpg 1024w, https:\/\/pablomrobles.org\/wp-content\/uploads\/2022\/03\/Exta\u0301tico2-1-1200x900.jpg 1200w, https:\/\/pablomrobles.org\/wp-content\/uploads\/2022\/03\/Exta\u0301tico2-1.jpg 4032w\" sizes=\"auto, (max-width: 4032px) 100vw, 4032px\" \/><\/a><\/div><\/div><\/li><li class=\"fusion-carousel-item\"><div class=\"fusion-carousel-item-wrapper\"><div class=\"fusion-image-wrapper hover-type-none\"><a data-rel=\"iLightbox[gallery_image_1]\" data-title=\"Exta\u0301tico5\" aria-label=\"Exta\u0301tico5\" href=\"https:\/\/pablomrobles.org\/wp-content\/uploads\/2022\/03\/Exta\u0301tico5-1024x618.jpg\" target=\"_self\"><img loading=\"lazy\" decoding=\"async\" width=\"4032\" height=\"2434\" src=\"https:\/\/pablomrobles.org\/wp-content\/uploads\/2022\/03\/Exta\u0301tico5.jpg\" class=\"attachment-full size-full\" alt=\"\" srcset=\"https:\/\/pablomrobles.org\/wp-content\/uploads\/2022\/03\/Exta\u0301tico5-18x12.jpg 18w, https:\/\/pablomrobles.org\/wp-content\/uploads\/2022\/03\/Exta\u0301tico5-200x121.jpg 200w, https:\/\/pablomrobles.org\/wp-content\/uploads\/2022\/03\/Exta\u0301tico5-300x181.jpg 300w, https:\/\/pablomrobles.org\/wp-content\/uploads\/2022\/03\/Exta\u0301tico5-400x241.jpg 400w, https:\/\/pablomrobles.org\/wp-content\/uploads\/2022\/03\/Exta\u0301tico5-600x362.jpg 600w, https:\/\/pablomrobles.org\/wp-content\/uploads\/2022\/03\/Exta\u0301tico5-768x464.jpg 768w, https:\/\/pablomrobles.org\/wp-content\/uploads\/2022\/03\/Exta\u0301tico5-800x483.jpg 800w, https:\/\/pablomrobles.org\/wp-content\/uploads\/2022\/03\/Exta\u0301tico5-1024x618.jpg 1024w, https:\/\/pablomrobles.org\/wp-content\/uploads\/2022\/03\/Exta\u0301tico5-1200x724.jpg 1200w, https:\/\/pablomrobles.org\/wp-content\/uploads\/2022\/03\/Exta\u0301tico5.jpg 4032w\" sizes=\"auto, (max-width: 4032px) 100vw, 4032px\" \/><\/a><\/div><\/div><\/li><li class=\"fusion-carousel-item\"><div class=\"fusion-carousel-item-wrapper\"><div class=\"fusion-image-wrapper hover-type-none\"><a data-rel=\"iLightbox[gallery_image_1]\" data-title=\"Exta\u0301tico4\" aria-label=\"Exta\u0301tico4\" href=\"https:\/\/pablomrobles.org\/wp-content\/uploads\/2022\/03\/Exta\u0301tico4-1019x1024.jpg\" target=\"_self\"><img loading=\"lazy\" decoding=\"async\" width=\"3024\" height=\"3038\" src=\"https:\/\/pablomrobles.org\/wp-content\/uploads\/2022\/03\/Exta\u0301tico4.jpg\" class=\"attachment-full size-full\" alt=\"\" srcset=\"https:\/\/pablomrobles.org\/wp-content\/uploads\/2022\/03\/Exta\u0301tico4-12x12.jpg 12w, https:\/\/pablomrobles.org\/wp-content\/uploads\/2022\/03\/Exta\u0301tico4-66x66.jpg 66w, https:\/\/pablomrobles.org\/wp-content\/uploads\/2022\/03\/Exta\u0301tico4-150x150.jpg 150w, https:\/\/pablomrobles.org\/wp-content\/uploads\/2022\/03\/Exta\u0301tico4-200x201.jpg 200w, https:\/\/pablomrobles.org\/wp-content\/uploads\/2022\/03\/Exta\u0301tico4-300x300.jpg 300w, https:\/\/pablomrobles.org\/wp-content\/uploads\/2022\/03\/Exta\u0301tico4-400x402.jpg 400w, https:\/\/pablomrobles.org\/wp-content\/uploads\/2022\/03\/Exta\u0301tico4-600x603.jpg 600w, https:\/\/pablomrobles.org\/wp-content\/uploads\/2022\/03\/Exta\u0301tico4-768x772.jpg 768w, https:\/\/pablomrobles.org\/wp-content\/uploads\/2022\/03\/Exta\u0301tico4-800x804.jpg 800w, https:\/\/pablomrobles.org\/wp-content\/uploads\/2022\/03\/Exta\u0301tico4-1019x1024.jpg 1019w, https:\/\/pablomrobles.org\/wp-content\/uploads\/2022\/03\/Exta\u0301tico4-1200x1206.jpg 1200w, https:\/\/pablomrobles.org\/wp-content\/uploads\/2022\/03\/Exta\u0301tico4.jpg 3024w\" sizes=\"auto, (max-width: 3024px) 100vw, 3024px\" \/><\/a><\/div><\/div><\/li><li class=\"fusion-carousel-item\"><div class=\"fusion-carousel-item-wrapper\"><div class=\"fusion-image-wrapper hover-type-none\"><a data-rel=\"iLightbox[gallery_image_1]\" data-title=\"Exta\u0301tico3\" aria-label=\"Exta\u0301tico3\" href=\"https:\/\/pablomrobles.org\/wp-content\/uploads\/2022\/03\/Exta\u0301tico3-1024x768.jpg\" target=\"_self\"><img loading=\"lazy\" decoding=\"async\" width=\"4032\" height=\"3024\" src=\"https:\/\/pablomrobles.org\/wp-content\/uploads\/2022\/03\/Exta\u0301tico3.jpg\" class=\"attachment-full size-full\" alt=\"\" srcset=\"https:\/\/pablomrobles.org\/wp-content\/uploads\/2022\/03\/Exta\u0301tico3-16x12.jpg 16w, https:\/\/pablomrobles.org\/wp-content\/uploads\/2022\/03\/Exta\u0301tico3-200x150.jpg 200w, https:\/\/pablomrobles.org\/wp-content\/uploads\/2022\/03\/Exta\u0301tico3-300x225.jpg 300w, https:\/\/pablomrobles.org\/wp-content\/uploads\/2022\/03\/Exta\u0301tico3-400x300.jpg 400w, https:\/\/pablomrobles.org\/wp-content\/uploads\/2022\/03\/Exta\u0301tico3-600x450.jpg 600w, https:\/\/pablomrobles.org\/wp-content\/uploads\/2022\/03\/Exta\u0301tico3-768x576.jpg 768w, https:\/\/pablomrobles.org\/wp-content\/uploads\/2022\/03\/Exta\u0301tico3-800x600.jpg 800w, https:\/\/pablomrobles.org\/wp-content\/uploads\/2022\/03\/Exta\u0301tico3-1024x768.jpg 1024w, https:\/\/pablomrobles.org\/wp-content\/uploads\/2022\/03\/Exta\u0301tico3-1200x900.jpg 1200w, https:\/\/pablomrobles.org\/wp-content\/uploads\/2022\/03\/Exta\u0301tico3.jpg 4032w\" sizes=\"auto, (max-width: 4032px) 100vw, 4032px\" \/><\/a><\/div><\/div><\/li><\/ul><div class=\"fusion-carousel-nav\"><span class=\"fusion-nav-prev\"><\/span><span class=\"fusion-nav-next\"><\/span><\/div><\/div><\/div><\/div><style type='text\/css'>.reading-box-container-1 .element-bottomshadow:before,.reading-box-container-1 .element-bottomshadow:after{opacity:0.7;}<\/style><div class=\"fusion-reading-box-container reading-box-container-1\" style=\"margin-top:0px;margin-bottom:84px;\"><div class=\"reading-box reading-box-center element-bottomshadow\" style=\"background-color:#f6f6f6;border-width:0px;border-color:#82358b;border-style:solid;\"><h2>Por cualquier otra duda\/pregunta pod\u00e9s contactarnos completando el formulario. \u00a1Muchas Gracias!<\/h2><a class=\"button fusion-button button-lightgray button-square fusion-button-small button-small button-flat fusion-mobile-button continue-center\" style=\"-webkit-box-shadow:none;-moz-box-shadow:none;box-shadow:none;\" href=\"\/?page_id=50\" target=\"_self\"><span>Consultanos<\/span><\/a><\/div><\/div><div class=\"fusion-clearfix\"><\/div>\n\n\t\t\t\t\t<\/div>\n\t\t\t\t<\/div><\/div><\/div><\/p>\n","protected":false},"excerpt":{"rendered":"","protected":false},"author":1,"featured_media":0,"parent":0,"menu_order":0,"comment_status":"closed","ping_status":"closed","template":"","meta":{"footnotes":""},"class_list":["post-4938","page","type-page","status-publish","hentry"],"_links":{"self":[{"href":"https:\/\/pablomrobles.org\/en\/wp-json\/wp\/v2\/pages\/4938","targetHints":{"allow":["GET"]}}],"collection":[{"href":"https:\/\/pablomrobles.org\/en\/wp-json\/wp\/v2\/pages"}],"about":[{"href":"https:\/\/pablomrobles.org\/en\/wp-json\/wp\/v2\/types\/page"}],"author":[{"embeddable":true,"href":"https:\/\/pablomrobles.org\/en\/wp-json\/wp\/v2\/users\/1"}],"replies":[{"embeddable":true,"href":"https:\/\/pablomrobles.org\/en\/wp-json\/wp\/v2\/comments?post=4938"}],"version-history":[{"count":6,"href":"https:\/\/pablomrobles.org\/en\/wp-json\/wp\/v2\/pages\/4938\/revisions"}],"predecessor-version":[{"id":5061,"href":"https:\/\/pablomrobles.org\/en\/wp-json\/wp\/v2\/pages\/4938\/revisions\/5061"}],"wp:attachment":[{"href":"https:\/\/pablomrobles.org\/en\/wp-json\/wp\/v2\/media?parent=4938"}],"curies":[{"name":"wp","href":"https:\/\/api.w.org\/{rel}","templated":true}]}}