{"id":4579,"date":"2020-08-30T02:16:03","date_gmt":"2020-08-30T05:16:03","guid":{"rendered":"https:\/\/pablomrobles.org\/?page_id=4579"},"modified":"2020-09-01T16:27:11","modified_gmt":"2020-09-01T19:27:11","slug":"curso-meditacion-nivel-avanzado","status":"publish","type":"page","link":"https:\/\/pablomrobles.org\/en\/curso-meditacion-nivel-avanzado\/","title":{"rendered":"Curso Meditaci\u00f3n * Nivel Avanzado"},"content":{"rendered":"<div class=\"fusion-fullwidth fullwidth-box nonhundred-percent-fullwidth non-hundred-percent-height-scrolling\"  style='background-color: rgba(255,255,255,0);background-position: center center;background-repeat: no-repeat;padding-top:0px;padding-right:0px;padding-bottom:0px;padding-left:0px;'><div class=\"fusion-builder-row fusion-row\"><div  class=\"fusion-layout-column fusion_builder_column fusion_builder_column_1_1  fusion-one-full fusion-column-first fusion-column-last 1_1\"  style='margin-top:0px;margin-bottom:20px;'>\n\t\t\t\t\t<div class=\"fusion-column-wrapper\" style=\"padding: 0px 0px 0px 0px;background-position:left top;background-repeat:no-repeat;-webkit-background-size:cover;-moz-background-size:cover;-o-background-size:cover;background-size:cover;\"  data-bg-url=\"\">\n\t\t\t\t\t\t<div class=\"fusion-text\"><p><img loading=\"lazy\" decoding=\"async\" class=\"aligncenter wp-image-4493\" src=\"https:\/\/pablomrobles.org\/wp-content\/uploads\/2020\/08\/Copy-of-Brown-Blue-Bachelor-Party-Mens-Grooming-Instagram-Post-2.png\" alt=\"\" width=\"500\" height=\"500\" srcset=\"https:\/\/pablomrobles.org\/wp-content\/uploads\/2020\/08\/Copy-of-Brown-Blue-Bachelor-Party-Mens-Grooming-Instagram-Post-2-66x66.png 66w, https:\/\/pablomrobles.org\/wp-content\/uploads\/2020\/08\/Copy-of-Brown-Blue-Bachelor-Party-Mens-Grooming-Instagram-Post-2-150x150.png 150w, https:\/\/pablomrobles.org\/wp-content\/uploads\/2020\/08\/Copy-of-Brown-Blue-Bachelor-Party-Mens-Grooming-Instagram-Post-2-200x200.png 200w, https:\/\/pablomrobles.org\/wp-content\/uploads\/2020\/08\/Copy-of-Brown-Blue-Bachelor-Party-Mens-Grooming-Instagram-Post-2-300x300.png 300w, https:\/\/pablomrobles.org\/wp-content\/uploads\/2020\/08\/Copy-of-Brown-Blue-Bachelor-Party-Mens-Grooming-Instagram-Post-2-400x400.png 400w, https:\/\/pablomrobles.org\/wp-content\/uploads\/2020\/08\/Copy-of-Brown-Blue-Bachelor-Party-Mens-Grooming-Instagram-Post-2-600x600.png 600w, https:\/\/pablomrobles.org\/wp-content\/uploads\/2020\/08\/Copy-of-Brown-Blue-Bachelor-Party-Mens-Grooming-Instagram-Post-2-768x768.png 768w, https:\/\/pablomrobles.org\/wp-content\/uploads\/2020\/08\/Copy-of-Brown-Blue-Bachelor-Party-Mens-Grooming-Instagram-Post-2-800x800.png 800w, https:\/\/pablomrobles.org\/wp-content\/uploads\/2020\/08\/Copy-of-Brown-Blue-Bachelor-Party-Mens-Grooming-Instagram-Post-2-1024x1024.png 1024w, https:\/\/pablomrobles.org\/wp-content\/uploads\/2020\/08\/Copy-of-Brown-Blue-Bachelor-Party-Mens-Grooming-Instagram-Post-2.png 1080w\" sizes=\"auto, (max-width: 500px) 100vw, 500px\" \/><\/p>\n<\/div><div class=\"fusion-text\"><h2 style=\"text-align: center;\">Curso de Meditaci\u00f3n * Nivel Avanzado (ON LINE):<\/h2>\n<p style=\"text-align: center;\">La intenci\u00f3n de este curso es continuar profundizando en nuevas maneras de meditar, crear una nueva Sadhana (disciplina) seg\u00fan la afinidad a las diferentes pr\u00e1cticas.<\/p>\n<p style=\"text-align: center;\">Duraci\u00f3n por Clase: 1 hora y 1\/2 aprox.<\/p>\n<h3 style=\"text-align: center;\">* 1era Clase: Pranayamas * Control de la Respiraci\u00f3n<\/h3>\n<p style=\"text-align: center;\"><em>\u201cPrana: Energ\u00eda Vital, Yama: Control o Restricci\u00f3n. Son ejercicios respiratorios de yoga que conducen a la concentraci\u00f3n y control del prana (energ\u00eda contenida en la respiraci\u00f3n dentro del organismo).\u201c<\/em><\/p>\n<h3 style=\"text-align: center;\">* 2da Clase: Nada Brahama Avanzado * Meditaci\u00f3n con Gong<\/h3>\n<p style=\"text-align: center;\"><em>\u201cEl Gong es muy simple. Es un sistema intervibratorio. Es el sonido de la creatividad misma. Aquel que toca el Gong, toca el Universo. El Gong no es algo ordinario que tocar. De \u00e9l vino toda la m\u00fasica, todos los sonidos, y todas las palabras. El Sonido del Gong es el n\u00facleo de la Palabra. El Gong no es un instrumento ni un tambor. El Gong es una hermosa vibraci\u00f3n reforzada. Es como una multitud de cuerdas, como si tocaras un mill\u00f3n de cuerdas. El Gong es la \u00fanica herramienta con la cual puedes producir esta combinaci\u00f3n de vibraciones espaciales.\u201d Yogi Bhajan<\/em><\/p>\n<h3 style=\"text-align: center;\">* 3ra Clase: Meditaci\u00f3n Din\u00e1mica de Kundalini Yoga * Laya Yoga<\/h3>\n<p style=\"text-align: center;\"><em>\u201cLa meditaci\u00f3n en el Kundalini Yoga contiene herramientas concretas y pr\u00e1cticas que con cuidado y precisi\u00f3n apoyan la mente y gu\u00edan el cuerpo a trav\u00e9s del uso de la respiraci\u00f3n , mantra, mudra, y el enfoque. Si bien existen muchos, muchos estilos y enfoques para la meditaci\u00f3n, lo que diferencia a este enfoque de la meditaci\u00f3n, es su precisi\u00f3n, eficacia y practicidad.\u201d \u201cLa oraci\u00f3n es cuando la mente est\u00e1 enfocada en un punto y el ser humano le habla al Infinito. La meditaci\u00f3n es cuando la mente se vuelve totalmente limpia y receptiva, y el Infinito le habla al ser humano.\u201d Yogi Bhajan<\/em><\/p>\n<h3 style=\"text-align: center;\">4ta Clase: Meditaci\u00f3n Guiada * Remoci\u00f3n de Implantes Negativos<\/h3>\n<p style=\"text-align: center;\"><em>\u201cMeditaci\u00f3n guiada espiritual y esot\u00e9rica para limpieza de implantes energ\u00e9ticos negativos, alinear con nuestro prop\u00f3sito de Servicio y generar libertad\u201d.<\/em><\/p>\n<h3 style=\"text-align: center;\">* 5ta Clase: Meditaci\u00f3n Activa de Osho * Kundalini<\/h3>\n<p style=\"text-align: center;\"><em>\u201cCuando las personas vienen a m\u00ed y me preguntan c\u00f3mo meditar, les digo: \u2019No hay necesidad de preguntar c\u00f3mo meditar, s\u00f3lo pregunta c\u00f3mo permanecer desocupado. La meditaci\u00f3n sucede espont\u00e1neamente. S\u00f3lo pregunta c\u00f3mo permanecer desocupado, eso es todo. Ese es todo el truco de la meditaci\u00f3n: c\u00f3mo permanecer desocupado. Entonces no puedes hacer nada. La meditaci\u00f3n florecer\u00e1\u2019.\u201d Osho<\/em><\/p>\n<\/div><div class=\"fusion-button-wrapper fusion-aligncenter\"><style type=\"text\/css\" scoped=\"scoped\">.fusion-button.button-1 .fusion-button-text, .fusion-button.button-1 i {color:#ffffff;}.fusion-button.button-1 {border-width:0px;border-color:#ffffff;}.fusion-button.button-1 .fusion-button-icon-divider{border-color:#ffffff;}.fusion-button.button-1:hover .fusion-button-text, .fusion-button.button-1:hover i,.fusion-button.button-1:focus .fusion-button-text, .fusion-button.button-1:focus i,.fusion-button.button-1:active .fusion-button-text, .fusion-button.button-1:active{color:#ffffff;}.fusion-button.button-1:hover, .fusion-button.button-1:focus, .fusion-button.button-1:active{border-width:0px;border-color:#ffffff;}.fusion-button.button-1:hover .fusion-button-icon-divider, .fusion-button.button-1:hover .fusion-button-icon-divider, .fusion-button.button-1:active .fusion-button-icon-divider{border-color:#ffffff;}.fusion-button.button-1{background: #355093;}.fusion-button.button-1:hover,.button-1:focus,.fusion-button.button-1:active{background: #355093;}.fusion-button.button-1{width:auto;}<\/style><a class=\"fusion-button button-flat fusion-button-round button-large button-custom button-1\" target=\"_self\" href=\"https:\/\/pablomrobles.org\/en\/contacto\/\"><span class=\"fusion-button-text\">M\u00c1S INFO E INSCRIPCI\u00d3N<\/span><\/a><\/div><div class=\"fusion-clearfix\"><\/div>\n\n\t\t\t\t\t<\/div>\n\t\t\t\t<\/div><\/div><\/div>","protected":false},"excerpt":{"rendered":"","protected":false},"author":1,"featured_media":0,"parent":0,"menu_order":0,"comment_status":"closed","ping_status":"closed","template":"","meta":{"footnotes":""},"class_list":["post-4579","page","type-page","status-publish","hentry"],"_links":{"self":[{"href":"https:\/\/pablomrobles.org\/en\/wp-json\/wp\/v2\/pages\/4579","targetHints":{"allow":["GET"]}}],"collection":[{"href":"https:\/\/pablomrobles.org\/en\/wp-json\/wp\/v2\/pages"}],"about":[{"href":"https:\/\/pablomrobles.org\/en\/wp-json\/wp\/v2\/types\/page"}],"author":[{"embeddable":true,"href":"https:\/\/pablomrobles.org\/en\/wp-json\/wp\/v2\/users\/1"}],"replies":[{"embeddable":true,"href":"https:\/\/pablomrobles.org\/en\/wp-json\/wp\/v2\/comments?post=4579"}],"version-history":[{"count":5,"href":"https:\/\/pablomrobles.org\/en\/wp-json\/wp\/v2\/pages\/4579\/revisions"}],"predecessor-version":[{"id":4652,"href":"https:\/\/pablomrobles.org\/en\/wp-json\/wp\/v2\/pages\/4579\/revisions\/4652"}],"wp:attachment":[{"href":"https:\/\/pablomrobles.org\/en\/wp-json\/wp\/v2\/media?parent=4579"}],"curies":[{"name":"wp","href":"https:\/\/api.w.org\/{rel}","templated":true}]}}