{"id":4440,"date":"2020-08-28T18:27:53","date_gmt":"2020-08-28T21:27:53","guid":{"rendered":"https:\/\/pablomrobles.org\/?page_id=4440"},"modified":"2022-12-31T10:46:31","modified_gmt":"2022-12-31T13:46:31","slug":"comunidad","status":"publish","type":"page","link":"https:\/\/pablomrobles.org\/en\/comunidad\/","title":{"rendered":"ComUnidad"},"content":{"rendered":"<div class=\"fusion-fullwidth fullwidth-box nonhundred-percent-fullwidth non-hundred-percent-height-scrolling\"  style='background-color: rgba(255,255,255,0);background-position: center center;background-repeat: no-repeat;padding-top:0px;padding-right:0px;padding-bottom:0px;padding-left:0px;'><div class=\"fusion-builder-row fusion-row\"><div  class=\"fusion-layout-column fusion_builder_column fusion_builder_column_1_1  fusion-one-full fusion-column-first fusion-column-last 1_1\"  style='margin-top:0px;margin-bottom:20px;'>\n\t\t\t\t\t<div class=\"fusion-column-wrapper\" style=\"padding: 0px 0px 0px 0px;background-position:left top;background-repeat:no-repeat;-webkit-background-size:cover;-moz-background-size:cover;-o-background-size:cover;background-size:cover;\"  data-bg-url=\"\">\n\t\t\t\t\t\t<div class=\"fusion-text\"><h2 style=\"text-align: center;\">ComUnidad de Estudio y Elevaci\u00f3n de la Consciencia<\/h2>\n<\/div><div class=\"imageframe-align-center\"><span style=\"border:2px solid #ffffff;\" class=\"fusion-imageframe imageframe-none imageframe-1 hover-type-none\"><img loading=\"lazy\" decoding=\"async\" src=\"https:\/\/pablomrobles.org\/wp-content\/uploads\/2021\/03\/ComU123.png\" width=\"700\" height=\"527\" alt=\"\" title=\"ComU123\" class=\"img-responsive wp-image-4788\" srcset=\"https:\/\/pablomrobles.org\/wp-content\/uploads\/2021\/03\/ComU123-200x151.png 200w, https:\/\/pablomrobles.org\/wp-content\/uploads\/2021\/03\/ComU123-400x301.png 400w, https:\/\/pablomrobles.org\/wp-content\/uploads\/2021\/03\/ComU123-600x452.png 600w, https:\/\/pablomrobles.org\/wp-content\/uploads\/2021\/03\/ComU123.png 700w\" sizes=\"auto, (max-width: 1100px) 100vw, 700px\" \/><\/span><\/div><div class=\"fusion-text\"><h3 style=\"text-align: center;\">Te invito a integrar este grupo de estudio del SER en una NUEVA plataforma digital creada para la elevaci\u00f3n de la consciencia, donde estaremos mucho mejor conectad@s y comunicad@s.<br \/>\nTe propongo un viaje de transFormaci\u00f3n te\u00f3rico-vivencial recibiendo semana a semana pr\u00e1cticas de meditaciones diversas, material de estudio en forma de textos, libros y tambi\u00e9n pel\u00edculas como ejes disparadores de nuestro estudio interior. Adem\u00e1s compartimos transmisiones en vivo en un ambiente cuidado donde podemos escuchar y compartir nuestro proceso con otr@s si as\u00ed lo sentimos.<\/h3>\n<h3 style=\"text-align: center;\">Tambi\u00e9n como miembro, recib\u00eds las primicias de mis pr\u00f3ximas creaciones y accedes a descuentos en todas mis actividades: clases, experiencias, cursos, m\u00fasica, instrumentos, funciones y retiros.<br \/>\nLuego de haber hecho un cambio radical en mi vida, habiendo descubierto mi poder creativo, mi prop\u00f3sito y ocupando mi lugar en el mundo, mi motivaci\u00f3n es compartir experiencias inspiradoras y herramientas que me transformaron much\u00edsimo y que practico a diario, para que otr@s puedan hacer lo mismo.<br \/>\nLlevo un camino de sanaci\u00f3n y de exploraci\u00f3n de mi Ser mediante terapias, meditaci\u00f3n y estados ampliados de consciencia de casi veinte a\u00f1os.<\/h3>\n<h3 style=\"text-align: center;\">Me form\u00e9 como Profesor de Kundalini Yoga, Terapeuta Vibracional, Reiki, VortexHealing\u00ae&#xfe0f;, soy M\u00fasico y Productor Musical entre otras cosas y todo est\u00e1 al SerVicio de mi Arte.<\/h3>\n<h3 style=\"text-align: center;\">Viajemos junt@s, bienvenid@!<\/h3>\n<\/div><div class=\"fusion-text\"><h3><\/h3>\n<h3 style=\"text-align: center;\">Inversi\u00f3n: $6600<\/h3>\n<\/div><div class=\"fusion-button-wrapper fusion-aligncenter\"><style type=\"text\/css\" scoped=\"scoped\">.fusion-button.button-1 .fusion-button-text, .fusion-button.button-1 i {color:#ffffff;}.fusion-button.button-1 {border-width:0px;border-color:#ffffff;}.fusion-button.button-1 .fusion-button-icon-divider{border-color:#ffffff;}.fusion-button.button-1:hover .fusion-button-text, .fusion-button.button-1:hover i,.fusion-button.button-1:focus .fusion-button-text, .fusion-button.button-1:focus i,.fusion-button.button-1:active .fusion-button-text, .fusion-button.button-1:active{color:#ffffff;}.fusion-button.button-1:hover, .fusion-button.button-1:focus, .fusion-button.button-1:active{border-width:0px;border-color:#ffffff;}.fusion-button.button-1:hover .fusion-button-icon-divider, .fusion-button.button-1:hover .fusion-button-icon-divider, .fusion-button.button-1:active .fusion-button-icon-divider{border-color:#ffffff;}.fusion-button.button-1{background: #f775cd;}.fusion-button.button-1:hover,.button-1:focus,.fusion-button.button-1:active{background: #f775cd;}.fusion-button.button-1{width:auto;}<\/style><a class=\"fusion-button button-flat fusion-button-round button-large button-custom button-1\" target=\"_self\" href=\"https:\/\/pablomrobles.boxful.io\/subscription_signups?base_plan=131078\"><span class=\"fusion-button-text\">SUMATE A LA COMUNIDAD<\/span><\/a><\/div><div class=\"fusion-text\"><h3 style=\"text-align: center;\">(sum\u00e1 a m\u00e1s miembros y obten\u00e9 descuento!)<\/h3>\n<\/div><div class=\"fusion-text\"><h3><\/h3>\n<p>&nbsp;<\/p>\n<h3 style=\"text-align: center;\">* Particip\u00e1 de un grupo de estudio integral de la consciencia basado en la meditaci\u00f3n, con material que ir\u00e9 compartiendo semanalmente (textos, libros, films, etc.)<\/h3>\n<h3 style=\"text-align: center;\">* Disfrut\u00e1 de vivos exclusivos semanales.<\/h3>\n<h3 style=\"text-align: center;\">* Recib\u00ed una meditaci\u00f3n semanal para miembros, adem\u00e1s de consejos, reflexiones y ense\u00f1anzas.<\/h3>\n<h3 style=\"text-align: center;\">* Particip\u00e1 de eventos especiales solo para miembros. (Sesiones de Sonido, Meditaci\u00f3n, Clases)<\/h3>\n<h3 style=\"text-align: center;\">* Recib\u00ed la primicia de mis pr\u00f3ximas creaciones (\u00e1lbums, obras, workshops, retiros y clases).<\/h3>\n<h3 style=\"text-align: center;\">* Obten\u00e9 descuentos y beneficios en todos mis \u00e1lbums, funciones, actividades, seminarios, clases e instrumentos VibrA.<\/h3>\n<h3 style=\"text-align: center;\">* Compart\u00ed e interactu\u00e1 en una comunidad con tus mismos intereses.<\/h3>\n<\/div><div class=\"fusion-clearfix\"><\/div>\n\n\t\t\t\t\t<\/div>\n\t\t\t\t<\/div><\/div><\/div>","protected":false},"excerpt":{"rendered":"","protected":false},"author":1,"featured_media":0,"parent":0,"menu_order":0,"comment_status":"closed","ping_status":"closed","template":"","meta":{"footnotes":""},"class_list":["post-4440","page","type-page","status-publish","hentry"],"_links":{"self":[{"href":"https:\/\/pablomrobles.org\/en\/wp-json\/wp\/v2\/pages\/4440","targetHints":{"allow":["GET"]}}],"collection":[{"href":"https:\/\/pablomrobles.org\/en\/wp-json\/wp\/v2\/pages"}],"about":[{"href":"https:\/\/pablomrobles.org\/en\/wp-json\/wp\/v2\/types\/page"}],"author":[{"embeddable":true,"href":"https:\/\/pablomrobles.org\/en\/wp-json\/wp\/v2\/users\/1"}],"replies":[{"embeddable":true,"href":"https:\/\/pablomrobles.org\/en\/wp-json\/wp\/v2\/comments?post=4440"}],"version-history":[{"count":77,"href":"https:\/\/pablomrobles.org\/en\/wp-json\/wp\/v2\/pages\/4440\/revisions"}],"predecessor-version":[{"id":5091,"href":"https:\/\/pablomrobles.org\/en\/wp-json\/wp\/v2\/pages\/4440\/revisions\/5091"}],"wp:attachment":[{"href":"https:\/\/pablomrobles.org\/en\/wp-json\/wp\/v2\/media?parent=4440"}],"curies":[{"name":"wp","href":"https:\/\/api.w.org\/{rel}","templated":true}]}}