{"id":4438,"date":"2020-08-29T19:26:21","date_gmt":"2020-08-29T22:26:21","guid":{"rendered":"https:\/\/pablomrobles.org\/?page_id=4438"},"modified":"2021-02-22T21:36:24","modified_gmt":"2021-02-23T00:36:24","slug":"escuela","status":"publish","type":"page","link":"https:\/\/pablomrobles.org\/en\/escuela\/","title":{"rendered":"Escuela"},"content":{"rendered":"<p><div class=\"fusion-fullwidth fullwidth-box nonhundred-percent-fullwidth non-hundred-percent-height-scrolling\"  style='background-color: rgba(255,255,255,0);background-position: center center;background-repeat: no-repeat;padding-top:0px;padding-right:0px;padding-bottom:0px;padding-left:0px;'><div class=\"fusion-builder-row fusion-row\"><div  class=\"fusion-layout-column fusion_builder_column fusion_builder_column_1_1  fusion-one-full fusion-column-first fusion-column-last 1_1\"  style='margin-top:0px;margin-bottom:20px;'>\n\t\t\t\t\t<div class=\"fusion-column-wrapper\" style=\"padding: 0px 0px 0px 0px;background-position:left top;background-repeat:no-repeat;-webkit-background-size:cover;-moz-background-size:cover;-o-background-size:cover;background-size:cover;\"  data-bg-url=\"\">\n\t\t\t\t\t\t<div class=\"fusion-text\"><h3 style=\"text-align: center;\">Es necesaria una Nueva educaci\u00f3n, que integre la naturalizaci\u00f3n del Esp\u00edritu y sus virtudes. Cuando estamos tan alejados de nuestra naturaleza creamos indefectiblemente sufrimiento.<\/h3>\n<h3 style=\"text-align: center;\">Invertir en el autoconocimiento, la sanaci\u00f3n y el descubrimiento del prop\u00f3sito personal, siento que es lo m\u00e1s inteligente que uno puede hacer para alcanzar la felicidad.<\/h3>\n<h3 style=\"text-align: center;\">Honrando el camino y las ense\u00f1anzas de tod@s mis maestr@s y como eterno estudiante y aprendiz, desde que descubr\u00ed que ense\u00f1ando es la manera m\u00e1s efectiva de aprender y lograr la maestr\u00eda de aquello que se ense\u00f1a, comprend\u00ed que era parte fundamental de mi prop\u00f3sito de Vida\u2026 Compartir mi experiencia y conocimientos, inspirar y ser parte del despertar de otr@ me da mucha alegr\u00eda y paz\u2026 es algo que me nace naturalmente desde ni\u00f1o\u2026<\/h3>\n<h3 style=\"text-align: center;\">Aqui encontrar\u00e1s todas las maneras de aprender sobre este camino que transito, a trav\u00e9s de distintas propuestas y formatos te\u00f3rico-vivenciales de reveladoras ense\u00f1anzas que transFormar\u00e1n e iluminar\u00e1n tu vida, as\u00ed como lo hicieron con la m\u00eda.<\/h3>\n<h3 style=\"text-align: center;\">Gracias por invertir tiempo y energ\u00eda en lo m\u00e1s importante\u2026 tu bienestar, que tambi\u00e9n es la de tod@s l@s que te rodean!<\/h3>\n<h3 style=\"text-align: center;\">BienVenid@!<\/h3>\n<\/div><div class=\"fusion-sep-clear\"><\/div><div class=\"fusion-separator fusion-full-width-sep sep-double\" style=\"border-color:#e0dede;border-top-width:1px;border-bottom-width:1px;margin-left: auto;margin-right: auto;margin-top:;\"><\/div><div class=\"fusion-clearfix\"><\/div>\n\n\t\t\t\t\t<\/div>\n\t\t\t\t<\/div><\/div><\/div><div class=\"fusion-fullwidth fullwidth-box nonhundred-percent-fullwidth non-hundred-percent-height-scrolling\"  style='background-color: rgba(255,255,255,0);background-position: center center;background-repeat: no-repeat;padding-top:0px;padding-right:0px;padding-bottom:0px;padding-left:0px;'><div class=\"fusion-builder-row fusion-row\"><div  class=\"fusion-layout-column fusion_builder_column fusion_builder_column_1_3  fusion-one-third fusion-column-first 1_3\"  style='margin-top:0px;margin-bottom:20px;width:33.33%;width:calc(33.33% - ( ( 4% + 4% ) * 0.3333 ) );margin-right: 4%;'>\n\t\t\t\t\t<div class=\"fusion-column-wrapper\" style=\"padding: 0px 0px 0px 0px;background-position:left top;background-repeat:no-repeat;-webkit-background-size:cover;-moz-background-size:cover;-o-background-size:cover;background-size:cover;\"  data-bg-url=\"\">\n\t\t\t\t\t\t<div class=\"fusion-text\"><h2 style=\"text-align: center;\">ComUnidad<\/h2>\n<\/div><span class=\"fusion-imageframe imageframe-none imageframe-1 hover-type-none\"><img loading=\"lazy\" decoding=\"async\" src=\"https:\/\/pablomrobles.org\/wp-content\/uploads\/2020\/08\/130_20200130_PR_SesionRio_ABRE0249.jpg\" width=\"1500\" height=\"1000\" alt=\"\" title=\"130_20200130_PR_SesionRio_ABRE0249\" class=\"img-responsive wp-image-4441\" srcset=\"https:\/\/pablomrobles.org\/wp-content\/uploads\/2020\/08\/130_20200130_PR_SesionRio_ABRE0249-200x133.jpg 200w, https:\/\/pablomrobles.org\/wp-content\/uploads\/2020\/08\/130_20200130_PR_SesionRio_ABRE0249-400x267.jpg 400w, https:\/\/pablomrobles.org\/wp-content\/uploads\/2020\/08\/130_20200130_PR_SesionRio_ABRE0249-600x400.jpg 600w, https:\/\/pablomrobles.org\/wp-content\/uploads\/2020\/08\/130_20200130_PR_SesionRio_ABRE0249-800x533.jpg 800w, https:\/\/pablomrobles.org\/wp-content\/uploads\/2020\/08\/130_20200130_PR_SesionRio_ABRE0249-1200x800.jpg 1200w, https:\/\/pablomrobles.org\/wp-content\/uploads\/2020\/08\/130_20200130_PR_SesionRio_ABRE0249.jpg 1500w\" sizes=\"auto, (max-width: 1100px) 100vw, 400px\" \/><\/span><div class=\"fusion-sep-clear\"><\/div><div class=\"fusion-separator fusion-full-width-sep sep-double\" style=\"border-color:#e0dede;border-top-width:1px;border-bottom-width:1px;margin-left: auto;margin-right: auto;margin-top:;\"><\/div><div class=\"fusion-text\"><p style=\"text-align: center;\">Particip\u00e1 de un grupo de estudio integral de la consciencia basado en la meditaci\u00f3n, realizando procesos de expansi\u00f3n con material que comparto semanalmente (textos, libros, films, etc.)<\/p>\n<\/div><div class=\"fusion-button-wrapper fusion-aligncenter\"><style type=\"text\/css\" scoped=\"scoped\">.fusion-button.button-1 .fusion-button-text, .fusion-button.button-1 i {color:#aca6a5;}.fusion-button.button-1 {border-width:0px;border-color:#aca6a5;}.fusion-button.button-1 .fusion-button-icon-divider{border-color:#aca6a5;}.fusion-button.button-1:hover .fusion-button-text, .fusion-button.button-1:hover i,.fusion-button.button-1:focus .fusion-button-text, .fusion-button.button-1:focus i,.fusion-button.button-1:active .fusion-button-text, .fusion-button.button-1:active{color:#aca6a5;}.fusion-button.button-1:hover, .fusion-button.button-1:focus, .fusion-button.button-1:active{border-width:0px;border-color:#aca6a5;}.fusion-button.button-1:hover .fusion-button-icon-divider, .fusion-button.button-1:hover .fusion-button-icon-divider, .fusion-button.button-1:active .fusion-button-icon-divider{border-color:#aca6a5;}.fusion-button.button-1{background: #fbe5c5;}.fusion-button.button-1:hover,.button-1:focus,.fusion-button.button-1:active{background: #fbe5c5;}.fusion-button.button-1{width:auto;}<\/style><a class=\"fusion-button button-flat fusion-button-round button-large button-custom button-1\" target=\"_self\" href=\"https:\/\/pablomrobles.org\/en\/comunidad\/\"><span class=\"fusion-button-text\">MORE INFO<\/span><\/a><\/div><div class=\"fusion-clearfix\"><\/div>\n\n\t\t\t\t\t<\/div>\n\t\t\t\t<\/div><div  class=\"fusion-layout-column fusion_builder_column fusion_builder_column_1_3  fusion-one-third 1_3\"  style='margin-top:0px;margin-bottom:20px;width:33.33%;width:calc(33.33% - ( ( 4% + 4% ) * 0.3333 ) );margin-right: 4%;'>\n\t\t\t\t\t<div class=\"fusion-column-wrapper\" style=\"padding: 0px 0px 0px 0px;background-position:left top;background-repeat:no-repeat;-webkit-background-size:cover;-moz-background-size:cover;-o-background-size:cover;background-size:cover;\"  data-bg-url=\"\">\n\t\t\t\t\t\t<div class=\"fusion-text\"><h2 style=\"text-align: center;\">Cursos de Meditaci\u00f3n<\/h2>\n<\/div><span class=\"fusion-imageframe imageframe-none imageframe-2 hover-type-none\"><img loading=\"lazy\" decoding=\"async\" src=\"https:\/\/pablomrobles.org\/wp-content\/uploads\/2020\/08\/otraWeb.jpg\" width=\"6240\" height=\"4160\" alt=\"\" title=\"otraWeb\" class=\"img-responsive wp-image-4618\"\/><\/span><div class=\"fusion-sep-clear\"><\/div><div class=\"fusion-separator fusion-full-width-sep sep-double\" style=\"border-color:#e0dede;border-top-width:1px;border-bottom-width:1px;margin-left: auto;margin-right: auto;margin-top:;\"><\/div><div class=\"fusion-text\"><p style=\"text-align: center;\" data-fontsize=\"16\" data-lineheight=\"24\">En estos cursos ON LINE aprender\u00e1s diferentes t\u00e9cnicas de esta poderosa herramienta de autoconocimiento, calma y anclaje en tu propia intuici\u00f3n.<\/p>\n<\/div><div class=\"fusion-button-wrapper fusion-aligncenter\"><style type=\"text\/css\" scoped=\"scoped\">.fusion-button.button-2 .fusion-button-text, .fusion-button.button-2 i {color:#aca6a5;}.fusion-button.button-2 {border-width:0px;border-color:#aca6a5;}.fusion-button.button-2 .fusion-button-icon-divider{border-color:#aca6a5;}.fusion-button.button-2:hover .fusion-button-text, .fusion-button.button-2:hover i,.fusion-button.button-2:focus .fusion-button-text, .fusion-button.button-2:focus i,.fusion-button.button-2:active .fusion-button-text, .fusion-button.button-2:active{color:#aca6a5;}.fusion-button.button-2:hover, .fusion-button.button-2:focus, .fusion-button.button-2:active{border-width:0px;border-color:#aca6a5;}.fusion-button.button-2:hover .fusion-button-icon-divider, .fusion-button.button-2:hover .fusion-button-icon-divider, .fusion-button.button-2:active .fusion-button-icon-divider{border-color:#aca6a5;}.fusion-button.button-2{background: #fbe5c5;}.fusion-button.button-2:hover,.button-2:focus,.fusion-button.button-2:active{background: #fbe5c5;}.fusion-button.button-2{width:auto;}<\/style><a class=\"fusion-button button-flat fusion-button-round button-large button-custom button-2\" target=\"_self\" href=\"https:\/\/pablomrobles.org\/en\/cursos-de-meditacion\/\"><span class=\"fusion-button-text\">MORE INFO<\/span><\/a><\/div><div class=\"fusion-clearfix\"><\/div>\n\n\t\t\t\t\t<\/div>\n\t\t\t\t<\/div><div  class=\"fusion-layout-column fusion_builder_column fusion_builder_column_1_3  fusion-one-third fusion-column-last 1_3\"  style='margin-top:0px;margin-bottom:20px;width:33.33%;width:calc(33.33% - ( ( 4% + 4% ) * 0.3333 ) );'>\n\t\t\t\t\t<div class=\"fusion-column-wrapper\" style=\"padding: 0px 0px 0px 0px;background-position:left top;background-repeat:no-repeat;-webkit-background-size:cover;-moz-background-size:cover;-o-background-size:cover;background-size:cover;\"  data-bg-url=\"\">\n\t\t\t\t\t\t<div class=\"fusion-text\"><h2 style=\"text-align: center;\">Clases de Kundalini Yoga<\/h2>\n<\/div><span class=\"fusion-imageframe imageframe-none imageframe-3 hover-type-none\"><img loading=\"lazy\" decoding=\"async\" src=\"https:\/\/pablomrobles.org\/wp-content\/uploads\/2020\/08\/KYWeb.jpg\" width=\"6240\" height=\"4160\" alt=\"\" title=\"KYWeb\" class=\"img-responsive wp-image-4595\"\/><\/span><div class=\"fusion-sep-clear\"><\/div><div class=\"fusion-separator fusion-full-width-sep sep-double\" style=\"border-color:#e0dede;border-top-width:1px;border-bottom-width:1px;margin-left: auto;margin-right: auto;margin-top:;\"><\/div><div class=\"fusion-text\"><p style=\"text-align: center;\" data-fontsize=\"16\" data-lineheight=\"24\">Animate a vivir tu propia experiencia, despertando tu potencial creativo, construyendo h\u00e1bitos para una vida activa, sana, consciente y feliz.<\/p>\n<\/div><div class=\"fusion-button-wrapper fusion-aligncenter\"><style type=\"text\/css\" scoped=\"scoped\">.fusion-button.button-3 .fusion-button-text, .fusion-button.button-3 i {color:#aca6a5;}.fusion-button.button-3 {border-width:0px;border-color:#aca6a5;}.fusion-button.button-3 .fusion-button-icon-divider{border-color:#aca6a5;}.fusion-button.button-3:hover .fusion-button-text, .fusion-button.button-3:hover i,.fusion-button.button-3:focus .fusion-button-text, .fusion-button.button-3:focus i,.fusion-button.button-3:active .fusion-button-text, .fusion-button.button-3:active{color:#aca6a5;}.fusion-button.button-3:hover, .fusion-button.button-3:focus, .fusion-button.button-3:active{border-width:0px;border-color:#aca6a5;}.fusion-button.button-3:hover .fusion-button-icon-divider, .fusion-button.button-3:hover .fusion-button-icon-divider, .fusion-button.button-3:active .fusion-button-icon-divider{border-color:#aca6a5;}.fusion-button.button-3{background: #fbe5c5;}.fusion-button.button-3:hover,.button-3:focus,.fusion-button.button-3:active{background: #fbe5c5;}.fusion-button.button-3{width:auto;}<\/style><a class=\"fusion-button button-flat fusion-button-round button-large button-custom button-3\" target=\"_self\" href=\"https:\/\/pablomrobles.org\/en\/clases-kundalini-yoga\/\"><span class=\"fusion-button-text\">MORE INFO<\/span><\/a><\/div><div class=\"fusion-clearfix\"><\/div>\n\n\t\t\t\t\t<\/div>\n\t\t\t\t<\/div><\/div><\/div><div class=\"fusion-fullwidth fullwidth-box nonhundred-percent-fullwidth non-hundred-percent-height-scrolling\"  style='background-color: rgba(255,255,255,0);background-position: center center;background-repeat: no-repeat;padding-top:0px;padding-right:0px;padding-bottom:0px;padding-left:0px;'><div class=\"fusion-builder-row fusion-row\"><div  class=\"fusion-layout-column fusion_builder_column fusion_builder_column_1_3  fusion-one-third fusion-column-first 1_3\"  style='margin-top:0px;margin-bottom:20px;width:33.33%;width:calc(33.33% - ( ( 4% + 4% ) * 0.3333 ) );margin-right: 4%;'>\n\t\t\t\t\t<div class=\"fusion-column-wrapper\" style=\"padding: 0px 0px 0px 0px;background-position:left top;background-repeat:no-repeat;-webkit-background-size:cover;-moz-background-size:cover;-o-background-size:cover;background-size:cover;\"  data-bg-url=\"\">\n\t\t\t\t\t\t<div class=\"fusion-text\"><h2 style=\"text-align: center;\">Seminarios VibrA<\/h2>\n<\/div><span class=\"fusion-imageframe imageframe-none imageframe-4 hover-type-none\"><img loading=\"lazy\" decoding=\"async\" src=\"https:\/\/pablomrobles.org\/wp-content\/uploads\/2020\/08\/WhatsApp-Image-2020-08-30-at-03.21.58.jpeg\" width=\"1280\" height=\"853\" alt=\"\" title=\"WhatsApp Image 2020-08-30 at 03.21.58\" class=\"img-responsive wp-image-4615\" srcset=\"https:\/\/pablomrobles.org\/wp-content\/uploads\/2020\/08\/WhatsApp-Image-2020-08-30-at-03.21.58-200x133.jpeg 200w, https:\/\/pablomrobles.org\/wp-content\/uploads\/2020\/08\/WhatsApp-Image-2020-08-30-at-03.21.58-400x267.jpeg 400w, https:\/\/pablomrobles.org\/wp-content\/uploads\/2020\/08\/WhatsApp-Image-2020-08-30-at-03.21.58-600x400.jpeg 600w, https:\/\/pablomrobles.org\/wp-content\/uploads\/2020\/08\/WhatsApp-Image-2020-08-30-at-03.21.58-800x533.jpeg 800w, https:\/\/pablomrobles.org\/wp-content\/uploads\/2020\/08\/WhatsApp-Image-2020-08-30-at-03.21.58-1200x800.jpeg 1200w, https:\/\/pablomrobles.org\/wp-content\/uploads\/2020\/08\/WhatsApp-Image-2020-08-30-at-03.21.58.jpeg 1280w\" sizes=\"auto, (max-width: 1100px) 100vw, 400px\" \/><\/span><div class=\"fusion-sep-clear\"><\/div><div class=\"fusion-separator fusion-full-width-sep sep-double\" style=\"border-color:#e0dede;border-top-width:1px;border-bottom-width:1px;margin-left: auto;margin-right: auto;margin-top:;\"><\/div><div class=\"fusion-text\"><p style=\"text-align: center;\" data-fontsize=\"16\" data-lineheight=\"24\">Conoc\u00e9 alguno de los seminarios y talleres que ofrecemos: Consciencia del Sonido, Cuencos de Cuarzo, Clases Grupales e Individuales de Percusi\u00f3n\u2026<\/p>\n<\/div><div class=\"fusion-button-wrapper fusion-aligncenter\"><style type=\"text\/css\" scoped=\"scoped\">.fusion-button.button-4 .fusion-button-text, .fusion-button.button-4 i {color:#aca6a5;}.fusion-button.button-4 {border-width:0px;border-color:#aca6a5;}.fusion-button.button-4 .fusion-button-icon-divider{border-color:#aca6a5;}.fusion-button.button-4:hover .fusion-button-text, .fusion-button.button-4:hover i,.fusion-button.button-4:focus .fusion-button-text, .fusion-button.button-4:focus i,.fusion-button.button-4:active .fusion-button-text, .fusion-button.button-4:active{color:#aca6a5;}.fusion-button.button-4:hover, .fusion-button.button-4:focus, .fusion-button.button-4:active{border-width:0px;border-color:#aca6a5;}.fusion-button.button-4:hover .fusion-button-icon-divider, .fusion-button.button-4:hover .fusion-button-icon-divider, .fusion-button.button-4:active .fusion-button-icon-divider{border-color:#aca6a5;}.fusion-button.button-4{background: #fbe5c5;}.fusion-button.button-4:hover,.button-4:focus,.fusion-button.button-4:active{background: #fbe5c5;}.fusion-button.button-4{width:auto;}<\/style><a class=\"fusion-button button-flat fusion-button-round button-large button-custom button-4\" target=\"_self\" href=\"https:\/\/pablomrobles.org\/en\/seminarios-talleres-y-clases\/\"><span class=\"fusion-button-text\">MORE INFO<\/span><\/a><\/div><div class=\"fusion-clearfix\"><\/div>\n\n\t\t\t\t\t<\/div>\n\t\t\t\t<\/div><div  class=\"fusion-layout-column fusion_builder_column fusion_builder_column_1_3  fusion-one-third 1_3\"  style='margin-top:0px;margin-bottom:20px;width:33.33%;width:calc(33.33% - ( ( 4% + 4% ) * 0.3333 ) );margin-right: 4%;'>\n\t\t\t\t\t<div class=\"fusion-column-wrapper\" style=\"padding: 0px 0px 0px 0px;background-position:left top;background-repeat:no-repeat;-webkit-background-size:cover;-moz-background-size:cover;-o-background-size:cover;background-size:cover;\"  data-bg-url=\"\">\n\t\t\t\t\t\t<div class=\"fusion-text\"><h2 style=\"text-align: center;\">Retiros\u00a0<\/h2>\n<\/div><span class=\"fusion-imageframe imageframe-none imageframe-5 hover-type-none\"><img loading=\"lazy\" decoding=\"async\" src=\"https:\/\/pablomrobles.org\/wp-content\/uploads\/2020\/08\/WhatsApp-Image-2020-08-30-at-03.44.56.jpeg\" width=\"359\" height=\"228\" alt=\"\" title=\"WhatsApp Image 2020-08-30 at 03.44.56\" class=\"img-responsive wp-image-4624\" srcset=\"https:\/\/pablomrobles.org\/wp-content\/uploads\/2020\/08\/WhatsApp-Image-2020-08-30-at-03.44.56-200x127.jpeg 200w, https:\/\/pablomrobles.org\/wp-content\/uploads\/2020\/08\/WhatsApp-Image-2020-08-30-at-03.44.56.jpeg 359w\" sizes=\"auto, (max-width: 1100px) 100vw, 359px\" \/><\/span><div class=\"fusion-sep-clear\"><\/div><div class=\"fusion-separator fusion-full-width-sep sep-double\" style=\"border-color:#e0dede;border-top-width:1px;border-bottom-width:1px;margin-left: auto;margin-right: auto;margin-top:;\"><\/div><div class=\"fusion-text\"><p style=\"text-align: center;\" data-fontsize=\"16\" data-lineheight=\"24\">Particip\u00e1 de un proceso de Inmersi\u00f3n Te\u00f3rico-Viviencial muy profundo en los Sonidos de la Madre Naturaleza y de instrumentos consagrados para el despertar el Sanador Interior, como recurso para volver al silencio interno que brinda la paz y la armon\u00eda.<\/p>\n<\/div><div class=\"fusion-button-wrapper fusion-aligncenter\"><style type=\"text\/css\" scoped=\"scoped\">.fusion-button.button-5 .fusion-button-text, .fusion-button.button-5 i {color:#aca6a5;}.fusion-button.button-5 {border-width:0px;border-color:#aca6a5;}.fusion-button.button-5 .fusion-button-icon-divider{border-color:#aca6a5;}.fusion-button.button-5:hover .fusion-button-text, .fusion-button.button-5:hover i,.fusion-button.button-5:focus .fusion-button-text, .fusion-button.button-5:focus i,.fusion-button.button-5:active .fusion-button-text, .fusion-button.button-5:active{color:#aca6a5;}.fusion-button.button-5:hover, .fusion-button.button-5:focus, .fusion-button.button-5:active{border-width:0px;border-color:#aca6a5;}.fusion-button.button-5:hover .fusion-button-icon-divider, .fusion-button.button-5:hover .fusion-button-icon-divider, .fusion-button.button-5:active .fusion-button-icon-divider{border-color:#aca6a5;}.fusion-button.button-5{background: #fbe5c5;}.fusion-button.button-5:hover,.button-5:focus,.fusion-button.button-5:active{background: #fbe5c5;}.fusion-button.button-5{width:auto;}<\/style><a class=\"fusion-button button-flat fusion-button-round button-large button-custom button-5\" target=\"_self\" href=\"https:\/\/pablomrobles.org\/en\/retiros\/\"><span class=\"fusion-button-text\">MORE INFO<\/span><\/a><\/div><div class=\"fusion-clearfix\"><\/div>\n\n\t\t\t\t\t<\/div>\n\t\t\t\t<\/div><div  class=\"fusion-layout-column fusion_builder_column fusion_builder_column_1_3  fusion-one-third fusion-column-last 1_3\"  style='margin-top:0px;margin-bottom:20px;width:33.33%;width:calc(33.33% - ( ( 4% + 4% ) * 0.3333 ) );'>\n\t\t\t\t\t<div class=\"fusion-column-wrapper\" style=\"padding: 0px 0px 0px 0px;background-position:left top;background-repeat:no-repeat;-webkit-background-size:cover;-moz-background-size:cover;-o-background-size:cover;background-size:cover;\"  data-bg-url=\"\">\n\t\t\t\t\t\t<div class=\"fusion-text\"><h2 style=\"text-align: center;\">Ciclos Naturales Toltecas<\/h2>\n<\/div><span class=\"fusion-imageframe imageframe-none imageframe-6 hover-type-none\"><img loading=\"lazy\" decoding=\"async\" src=\"https:\/\/pablomrobles.org\/wp-content\/uploads\/2020\/08\/WhatsApp-Image-2020-08-30-at-03.17.06.jpeg\" width=\"290\" height=\"228\" alt=\"\" title=\"WhatsApp Image 2020-08-30 at 03.17.06\" class=\"img-responsive wp-image-4612\" srcset=\"https:\/\/pablomrobles.org\/wp-content\/uploads\/2020\/08\/WhatsApp-Image-2020-08-30-at-03.17.06-200x157.jpeg 200w, https:\/\/pablomrobles.org\/wp-content\/uploads\/2020\/08\/WhatsApp-Image-2020-08-30-at-03.17.06.jpeg 290w\" sizes=\"auto, (max-width: 1100px) 100vw, 290px\" \/><\/span><div class=\"fusion-sep-clear\"><\/div><div class=\"fusion-separator fusion-full-width-sep sep-double\" style=\"border-color:#e0dede;border-top-width:1px;border-bottom-width:1px;margin-left: auto;margin-right: auto;margin-top:;\"><\/div><div class=\"fusion-text\"><p style=\"text-align: center;\" data-fontsize=\"16\" data-lineheight=\"24\">Pr\u00f3ximamente<\/p>\n<\/div><div class=\"fusion-clearfix\"><\/div>\n\n\t\t\t\t\t<\/div>\n\t\t\t\t<\/div><\/div><\/div><\/p>","protected":false},"excerpt":{"rendered":"","protected":false},"author":1,"featured_media":0,"parent":0,"menu_order":0,"comment_status":"closed","ping_status":"closed","template":"","meta":{"footnotes":""},"class_list":["post-4438","page","type-page","status-publish","hentry"],"_links":{"self":[{"href":"https:\/\/pablomrobles.org\/en\/wp-json\/wp\/v2\/pages\/4438","targetHints":{"allow":["GET"]}}],"collection":[{"href":"https:\/\/pablomrobles.org\/en\/wp-json\/wp\/v2\/pages"}],"about":[{"href":"https:\/\/pablomrobles.org\/en\/wp-json\/wp\/v2\/types\/page"}],"author":[{"embeddable":true,"href":"https:\/\/pablomrobles.org\/en\/wp-json\/wp\/v2\/users\/1"}],"replies":[{"embeddable":true,"href":"https:\/\/pablomrobles.org\/en\/wp-json\/wp\/v2\/comments?post=4438"}],"version-history":[{"count":30,"href":"https:\/\/pablomrobles.org\/en\/wp-json\/wp\/v2\/pages\/4438\/revisions"}],"predecessor-version":[{"id":4737,"href":"https:\/\/pablomrobles.org\/en\/wp-json\/wp\/v2\/pages\/4438\/revisions\/4737"}],"wp:attachment":[{"href":"https:\/\/pablomrobles.org\/en\/wp-json\/wp\/v2\/media?parent=4438"}],"curies":[{"name":"wp","href":"https:\/\/api.w.org\/{rel}","templated":true}]}}