{"id":104,"date":"2015-03-23T18:24:41","date_gmt":"2015-03-23T18:24:41","guid":{"rendered":"\/?page_id=104"},"modified":"2021-09-22T10:22:50","modified_gmt":"2021-09-22T13:22:50","slug":"rebirthing","status":"publish","type":"page","link":"https:\/\/pablomrobles.org\/en\/rebirthing\/","title":{"rendered":"Rebirthing"},"content":{"rendered":"<div class=\"fusion-fullwidth fullwidth-box nonhundred-percent-fullwidth non-hundred-percent-height-scrolling\"  style='background-color: rgba(255,255,255,0);background-position: left top;background-repeat: no-repeat;padding-top:20px;padding-right:0px;padding-bottom:20px;padding-left:0px;border-top-width:0px;border-bottom-width:0px;border-color:#eae9e9;border-top-style:solid;border-bottom-style:solid;'><div class=\"fusion-builder-row fusion-row \"><div  class=\"fusion-layout-column fusion_builder_column fusion_builder_column_1_3  fusion-one-third fusion-column-first 1_3\"  style='margin-top:0px;margin-bottom:20px;width:30.6666%; margin-right: 4%;'>\n\t\t\t\t\t<div class=\"fusion-column-wrapper\" style=\"padding: 0px 0px 0px 0px;background-position:left top;background-repeat:no-repeat;-webkit-background-size:cover;-moz-background-size:cover;-o-background-size:cover;background-size:cover;\"  data-bg-url=\"\">\n\t\t\t\t\t\t<div class=\"element-bottomshadow fusion-image-frame-bottomshadow image-frame-shadow-1\"><style scoped=\"scoped\">.element-bottomshadow.image-frame-shadow-1{display:inline-block}<\/style><span class=\"fusion-imageframe imageframe-bottomshadow imageframe-1 element-bottomshadow hover-type-none\"><img decoding=\"async\" src=\"\/wp-content\/uploads\/2015\/05\/rebirthing.png\" width=\"\" height=\"\" alt=\"\" title=\"\" class=\"img-responsive\"\/><\/span><\/div><div class=\"fusion-clearfix\"><\/div>\n\n\t\t\t\t\t<\/div>\n\t\t\t\t<\/div><div  class=\"fusion-layout-column fusion_builder_column fusion_builder_column_2_3  fusion-two-third fusion-column-last 2_3\"  style='margin-top:0px;margin-bottom:20px;width:65.3333%'>\n\t\t\t\t\t<div class=\"fusion-column-wrapper\" style=\"padding: 0px 0px 0px 0px;background-position:left top;background-repeat:no-repeat;-webkit-background-size:cover;-moz-background-size:cover;-o-background-size:cover;background-size:cover;\"  data-bg-url=\"\">\n\t\t\t\t\t\t<div class=\"fusion-title title fusion-title-size-two\" style=\"margin-top:0px;margin-bottom:31px;\"><h2 class=\"title-heading-left\">Rebirthing<\/h2><div class=\"title-sep-container\"><div class=\"title-sep sep-single sep-solid\" style=\"border-color:#e0dede;\"><\/div><\/div><\/div><div class=\"fusion-text\"><p>El\u00a0 Rebirthing\u00a0o Renacimiento es una t\u00e9cnica de transformaci\u00f3n personal muy amorosa y r\u00e1pida, que te permite reconocer, iluminar y transformar aquello que, en lo cotidiano, te impide\u00a0ser feliz, tener paz interior.\u00a0Se apoya sobre dos pilares:<\/p>\n<\/div><ul class=\"fusion-checklist fusion-checklist-1\" style=\"font-size:13px;line-height:22.1px;\"><li class=\"fusion-li-item\"><span style=\"height:22.1px;width:22.1px;margin-right:9.1px;\" class=\"icon-wrapper circle-no\"><i class=\"fusion-li-icon  fa fa-check\" style=\"color:#00b5c7;\"><\/i><\/span><div class=\"fusion-li-item-content\" style=\"margin-left:31.2px;\">El sistema de creencias.<\/div><\/li><li class=\"fusion-li-item\"><span style=\"height:22.1px;width:22.1px;margin-right:9.1px;\" class=\"icon-wrapper circle-no\"><i class=\"fusion-li-icon  fa fa-check\" style=\"color:#00b5c7;\"><\/i><\/span><div class=\"fusion-li-item-content\" style=\"margin-left:31.2px;\">La Respiraci\u00f3n.<\/div><\/li><\/ul><div class=\"fusion-text\"><p>Es un viaje interior de liberaci\u00f3n a nivel celular, emocional y espiritual. Utilizamos la respiraci\u00f3n consciente y conectada como veh\u00edculo de purificaci\u00f3n y ampliaci\u00f3n de la consciencia. Es una experiencia profunda y renovadora.\u00a0Todo aquello en nosotros que no est\u00e1 en consonancia con el Amor surge para ser integrado a trav\u00e9s de la respiraci\u00f3n consciente y conectada.<\/p>\n<p>\u00a1Animate a vivir tu potencial!<\/p>\n<p>* Sesiones presenciales.<\/p>\n<p>* Sesiones de pareja<\/p>\n<p>* Sesiones grupales<\/p>\n<p>* Sesiones v\u00eda Zoom a cualquier parte del mundo. (en espa\u00f1ol, portugu\u00e9s o ingl\u00e9s)<\/p>\n<\/div><div class=\"fusion-sep-clear\"><\/div><div class=\"fusion-separator fusion-full-width-sep sep-none\" style=\"margin-left: auto;margin-right: auto;margin-top:20px;\"><\/div><div class=\"fusion-text\"><p>Te invito a leer esta nota del Diario Clar\u00edn donde hablo acerca de esta poderosa herramienta:<\/p>\n<\/div><span class=\"fusion-imageframe imageframe-none imageframe-2 hover-type-none\"><a class=\"fusion-no-lightbox\" href=\"https:\/\/www.clarin.com\/entremujeres\/bienestar\/rebirthing-tecnica-respiracion-repasa-etapas-vida-desbloquea-emociones_0_S1QIV8Sdm.html\" target=\"_self\" aria-label=\"Screen Shot 2021-09-20 at 11.39.40\"><img loading=\"lazy\" decoding=\"async\" src=\"https:\/\/pablomrobles.org\/wp-content\/uploads\/2021\/09\/Screen-Shot-2021-09-20-at-11.39.40-1024x668.png\" width=\"1024\" height=\"668\" alt=\"\" class=\"img-responsive wp-image-4895\" srcset=\"https:\/\/pablomrobles.org\/wp-content\/uploads\/2021\/09\/Screen-Shot-2021-09-20-at-11.39.40-200x130.png 200w, https:\/\/pablomrobles.org\/wp-content\/uploads\/2021\/09\/Screen-Shot-2021-09-20-at-11.39.40-400x261.png 400w, https:\/\/pablomrobles.org\/wp-content\/uploads\/2021\/09\/Screen-Shot-2021-09-20-at-11.39.40-600x391.png 600w, https:\/\/pablomrobles.org\/wp-content\/uploads\/2021\/09\/Screen-Shot-2021-09-20-at-11.39.40-800x522.png 800w, https:\/\/pablomrobles.org\/wp-content\/uploads\/2021\/09\/Screen-Shot-2021-09-20-at-11.39.40-1200x783.png 1200w, https:\/\/pablomrobles.org\/wp-content\/uploads\/2021\/09\/Screen-Shot-2021-09-20-at-11.39.40.png 1357w\" sizes=\"auto, (max-width: 1100px) 100vw, 800px\" \/><\/a><\/span><div class=\"fusion-button-wrapper fusion-alignright\"><style type=\"text\/css\" scoped=\"scoped\">.fusion-button.button-1 .fusion-button-text, .fusion-button.button-1 i {color:#ffffff;}.fusion-button.button-1 {border-width:1px;border-color:#ffffff;}.fusion-button.button-1 .fusion-button-icon-divider{border-color:#ffffff;}.fusion-button.button-1:hover .fusion-button-text, .fusion-button.button-1:hover i,.fusion-button.button-1:focus .fusion-button-text, .fusion-button.button-1:focus i,.fusion-button.button-1:active .fusion-button-text, .fusion-button.button-1:active{color:#fcfcfc;}.fusion-button.button-1:hover, .fusion-button.button-1:focus, .fusion-button.button-1:active{border-width:1px;border-color:#fcfcfc;}.fusion-button.button-1:hover .fusion-button-icon-divider, .fusion-button.button-1:hover .fusion-button-icon-divider, .fusion-button.button-1:active .fusion-button-icon-divider{border-color:#fcfcfc;}.fusion-button.button-1{background: #00b5c7;\n\t\t\t\t\t\t\tbackground-image: -webkit-gradient( linear, left bottom, left top, from( #009aa8 ), to( #00b5c7 ) );\n\t\t\t\t\t\t\tbackground-image: -webkit-linear-gradient( bottom, #009aa8, #00b5c7 );\n\t\t\t\t\t\t\tbackground-image:   -moz-linear-gradient( bottom, #009aa8, #00b5c7 );\n\t\t\t\t\t\t\tbackground-image:     -o-linear-gradient( bottom, #009aa8, #00b5c7 );\n\t\t\t\t\t\t\tbackground-image: linear-gradient( to top, #009aa8, #00b5c7 );}.fusion-button.button-1:hover,.button-1:focus,.fusion-button.button-1:active{background: #009aa8;\n\t\t\t\t\t\t\tbackground-image: -webkit-gradient( linear, left bottom, left top, from( #00b5c7 ), to( #009aa8 ) );\n\t\t\t\t\t\t\tbackground-image: -webkit-linear-gradient( bottom, #00b5c7, #009aa8 );\n\t\t\t\t\t\t\tbackground-image:   -moz-linear-gradient( bottom, #00b5c7, #009aa8 );\n\t\t\t\t\t\t\tbackground-image:     -o-linear-gradient( bottom, #00b5c7, #009aa8 );\n\t\t\t\t\t\t\tbackground-image: linear-gradient( to top, #00b5c7, #009aa8 );}.fusion-button.button-1{width:auto;}<\/style><a class=\"fusion-button button-flat fusion-button-square button-small button-custom button-1\" target=\"_self\" href=\"\/?page_id=50\"><span class=\"fusion-button-text\">CONTACTO<\/span><\/a><\/div><div class=\"fusion-clearfix\"><\/div>\n\n\t\t\t\t\t<\/div>\n\t\t\t\t<\/div><div  class=\"fusion-layout-column fusion_builder_column fusion_builder_column_1_1  fusion-one-full fusion-column-first fusion-column-last fusion-column-no-min-height 1_1\"  style='margin-top:0px;margin-bottom:0px;'>\n\t\t\t\t\t<div class=\"fusion-column-wrapper\" style=\"padding: 0px 0px 0px 0px;background-position:left top;background-repeat:no-repeat;-webkit-background-size:cover;-moz-background-size:cover;-o-background-size:cover;background-size:cover;\"  data-bg-url=\"\">\n\t\t\t\t\t\t<div class=\"fusion-title title fusion-title-size-three\" style=\"margin-top:0px;margin-bottom:31px;\"><h3 class=\"title-heading-left\">Galer\u00eda de Im\u00e1genes de Rebirthing<\/h3><div class=\"title-sep-container\"><div class=\"title-sep sep-single sep-solid\" style=\"border-color:#e0dede;\"><\/div><\/div><\/div><div class=\"fusion-clearfix\"><\/div>\n\n\t\t\t\t\t<\/div>\n\t\t\t\t<\/div><div  class=\"fusion-layout-column fusion_builder_column fusion_builder_column_1_1  fusion-one-full fusion-column-first fusion-column-last fusion-column-no-min-height 1_1\"  style='margin-top:0px;margin-bottom:0px;'>\n\t\t\t\t\t<div class=\"fusion-column-wrapper\" style=\"padding: 0px 0px 0px 0px;background-position:left top;background-repeat:no-repeat;-webkit-background-size:cover;-moz-background-size:cover;-o-background-size:cover;background-size:cover;\"  data-bg-url=\"\">\n\t\t\t\t\t\t<div class=\"fusion-image-carousel fusion-image-carousel-auto lightbox-enabled fusion-carousel-border\"><div class=\"fusion-carousel\" data-autoplay=\"no\" data-columns=\"5\" data-itemmargin=\"13\" data-itemwidth=\"180\" data-touchscroll=\"no\" data-imagesize=\"auto\"><div class=\"fusion-carousel-positioner\"><ul class=\"fusion-carousel-holder\"><li class=\"fusion-carousel-item\"><div class=\"fusion-carousel-item-wrapper\"><div class=\"fusion-image-wrapper hover-type-none\"><a data-rel=\"iLightbox[gallery_image_1]\" href=\"\/wp-content\/uploads\/2015\/05\/reberthing_1.jpg\" target=\"_self\"><img decoding=\"async\" src=\"\/wp-content\/uploads\/2015\/05\/reberthing_1_ch.jpg\" alt=\"\"\/><\/a><\/div><\/div><\/li><li class=\"fusion-carousel-item\"><div class=\"fusion-carousel-item-wrapper\"><div class=\"fusion-image-wrapper hover-type-none\"><a data-rel=\"iLightbox[gallery_image_1]\" href=\"\/wp-content\/uploads\/2015\/05\/reberthing_2.jpg\" target=\"_self\"><img decoding=\"async\" src=\"\/wp-content\/uploads\/2015\/05\/reberthing_2_ch.jpg\" alt=\"\"\/><\/a><\/div><\/div><\/li><li class=\"fusion-carousel-item\"><div class=\"fusion-carousel-item-wrapper\"><div class=\"fusion-image-wrapper hover-type-none\"><a data-rel=\"iLightbox[gallery_image_1]\" href=\"\/wp-content\/uploads\/2015\/05\/reberthing_3.jpg\" target=\"_self\"><img decoding=\"async\" src=\"\/wp-content\/uploads\/2015\/05\/reberthing_3_ch.jpg\" alt=\"\"\/><\/a><\/div><\/div><\/li><li class=\"fusion-carousel-item\"><div class=\"fusion-carousel-item-wrapper\"><div class=\"fusion-image-wrapper hover-type-none\"><a data-rel=\"iLightbox[gallery_image_1]\" href=\"\/wp-content\/uploads\/2015\/05\/reberthing_4.jpg\" target=\"_self\"><img decoding=\"async\" src=\"\/wp-content\/uploads\/2015\/05\/reberthing_4_ch.jpg\" alt=\"\"\/><\/a><\/div><\/div><\/li><\/ul><div class=\"fusion-carousel-nav\"><span class=\"fusion-nav-prev\"><\/span><span class=\"fusion-nav-next\"><\/span><\/div><\/div><\/div><\/div><div class=\"fusion-button-wrapper fusion-alignright\"><style type=\"text\/css\" scoped=\"scoped\">.fusion-button.button-2 .fusion-button-text, .fusion-button.button-2 i {color:#ffffff;}.fusion-button.button-2 {border-width:1px;border-color:#ffffff;}.fusion-button.button-2 .fusion-button-icon-divider{border-color:#ffffff;}.fusion-button.button-2:hover .fusion-button-text, .fusion-button.button-2:hover i,.fusion-button.button-2:focus .fusion-button-text, .fusion-button.button-2:focus i,.fusion-button.button-2:active .fusion-button-text, .fusion-button.button-2:active{color:#fcfcfc;}.fusion-button.button-2:hover, .fusion-button.button-2:focus, .fusion-button.button-2:active{border-width:1px;border-color:#fcfcfc;}.fusion-button.button-2:hover .fusion-button-icon-divider, .fusion-button.button-2:hover .fusion-button-icon-divider, .fusion-button.button-2:active .fusion-button-icon-divider{border-color:#fcfcfc;}.fusion-button.button-2{background: #00b5c7;\n\t\t\t\t\t\t\tbackground-image: -webkit-gradient( linear, left bottom, left top, from( #009aa8 ), to( #00b5c7 ) );\n\t\t\t\t\t\t\tbackground-image: -webkit-linear-gradient( bottom, #009aa8, #00b5c7 );\n\t\t\t\t\t\t\tbackground-image:   -moz-linear-gradient( bottom, #009aa8, #00b5c7 );\n\t\t\t\t\t\t\tbackground-image:     -o-linear-gradient( bottom, #009aa8, #00b5c7 );\n\t\t\t\t\t\t\tbackground-image: linear-gradient( to top, #009aa8, #00b5c7 );}.fusion-button.button-2:hover,.button-2:focus,.fusion-button.button-2:active{background: #009aa8;\n\t\t\t\t\t\t\tbackground-image: -webkit-gradient( linear, left bottom, left top, from( #00b5c7 ), to( #009aa8 ) );\n\t\t\t\t\t\t\tbackground-image: -webkit-linear-gradient( bottom, #00b5c7, #009aa8 );\n\t\t\t\t\t\t\tbackground-image:   -moz-linear-gradient( bottom, #00b5c7, #009aa8 );\n\t\t\t\t\t\t\tbackground-image:     -o-linear-gradient( bottom, #00b5c7, #009aa8 );\n\t\t\t\t\t\t\tbackground-image: linear-gradient( to top, #00b5c7, #009aa8 );}.fusion-button.button-2{width:auto;}<\/style><a class=\"fusion-button button-flat fusion-button-square button-small button-custom button-2\" target=\"_self\" href=\"\/?page_id=57\"><span class=\"fusion-button-text\">Volver al Home de Terapias y servicios<\/span><\/a><\/div><div class=\"fusion-clearfix\"><\/div>\n\n\t\t\t\t\t<\/div>\n\t\t\t\t<\/div><\/div><\/div>\n","protected":false},"excerpt":{"rendered":"","protected":false},"author":1,"featured_media":0,"parent":0,"menu_order":0,"comment_status":"open","ping_status":"open","template":"","meta":{"footnotes":""},"class_list":["post-104","page","type-page","status-publish","hentry"],"_links":{"self":[{"href":"https:\/\/pablomrobles.org\/en\/wp-json\/wp\/v2\/pages\/104","targetHints":{"allow":["GET"]}}],"collection":[{"href":"https:\/\/pablomrobles.org\/en\/wp-json\/wp\/v2\/pages"}],"about":[{"href":"https:\/\/pablomrobles.org\/en\/wp-json\/wp\/v2\/types\/page"}],"author":[{"embeddable":true,"href":"https:\/\/pablomrobles.org\/en\/wp-json\/wp\/v2\/users\/1"}],"replies":[{"embeddable":true,"href":"https:\/\/pablomrobles.org\/en\/wp-json\/wp\/v2\/comments?post=104"}],"version-history":[{"count":30,"href":"https:\/\/pablomrobles.org\/en\/wp-json\/wp\/v2\/pages\/104\/revisions"}],"predecessor-version":[{"id":4899,"href":"https:\/\/pablomrobles.org\/en\/wp-json\/wp\/v2\/pages\/104\/revisions\/4899"}],"wp:attachment":[{"href":"https:\/\/pablomrobles.org\/en\/wp-json\/wp\/v2\/media?parent=104"}],"curies":[{"name":"wp","href":"https:\/\/api.w.org\/{rel}","templated":true}]}}