{"id":102,"date":"2015-03-23T18:24:03","date_gmt":"2015-03-23T18:24:03","guid":{"rendered":"\/?page_id=102"},"modified":"2021-04-01T09:10:37","modified_gmt":"2021-04-01T12:10:37","slug":"terapias-con-sonido","status":"publish","type":"page","link":"https:\/\/pablomrobles.org\/en\/terapias-con-sonido\/","title":{"rendered":"Integral Therapy with Sound"},"content":{"rendered":"<div class=\"fusion-fullwidth fullwidth-box nonhundred-percent-fullwidth non-hundred-percent-height-scrolling\"  style='background-color: rgba(255,255,255,0);background-position: left top;background-repeat: no-repeat;padding-top:20px;padding-right:0px;padding-bottom:20px;padding-left:0px;border-top-width:0px;border-bottom-width:0px;border-color:#eae9e9;border-top-style:solid;border-bottom-style:solid;'><div class=\"fusion-builder-row fusion-row \"><div  class=\"fusion-layout-column fusion_builder_column fusion_builder_column_1_3  fusion-one-third fusion-column-first 1_3\"  style='margin-top:0px;margin-bottom:20px;width:30.6666%; margin-right: 4%;'>\n\t\t\t\t\t<div class=\"fusion-column-wrapper\" style=\"padding: 0px 0px 0px 0px;background-position:left top;background-repeat:no-repeat;-webkit-background-size:cover;-moz-background-size:cover;-o-background-size:cover;background-size:cover;\"  data-bg-url=\"\">\n\t\t\t\t\t\t<span class=\"fusion-imageframe imageframe-none imageframe-1 hover-type-none\"><img loading=\"lazy\" decoding=\"async\" src=\"https:\/\/pablomrobles.org\/wp-content\/uploads\/2019\/11\/2015-03-07-14.32.00.jpg\" width=\"3264\" height=\"2448\" alt=\"\" title=\"2015-03-07 14.32.00\" class=\"img-responsive wp-image-4257\" srcset=\"https:\/\/pablomrobles.org\/wp-content\/uploads\/2019\/11\/2015-03-07-14.32.00-200x150.jpg 200w, https:\/\/pablomrobles.org\/wp-content\/uploads\/2019\/11\/2015-03-07-14.32.00-400x300.jpg 400w, https:\/\/pablomrobles.org\/wp-content\/uploads\/2019\/11\/2015-03-07-14.32.00-600x450.jpg 600w, https:\/\/pablomrobles.org\/wp-content\/uploads\/2019\/11\/2015-03-07-14.32.00-800x600.jpg 800w, https:\/\/pablomrobles.org\/wp-content\/uploads\/2019\/11\/2015-03-07-14.32.00-1200x900.jpg 1200w, https:\/\/pablomrobles.org\/wp-content\/uploads\/2019\/11\/2015-03-07-14.32.00.jpg 3264w\" sizes=\"auto, (max-width: 1100px) 100vw, 400px\" \/><\/span><div class=\"fusion-clearfix\"><\/div>\n\n\t\t\t\t\t<\/div>\n\t\t\t\t<\/div><div  class=\"fusion-layout-column fusion_builder_column fusion_builder_column_2_3  fusion-two-third fusion-column-last 2_3\"  style='margin-top:0px;margin-bottom:20px;width:65.3333%'>\n\t\t\t\t\t<div class=\"fusion-column-wrapper\" style=\"padding: 0px 0px 0px 0px;background-position:left top;background-repeat:no-repeat;-webkit-background-size:cover;-moz-background-size:cover;-o-background-size:cover;background-size:cover;\"  data-bg-url=\"\">\n\t\t\t\t\t\t<div class=\"fusion-title title fusion-title-size-two\" style=\"margin-top:0px;margin-bottom:31px;\"><h2 class=\"title-heading-left\">Terapia Integral con Sonido<\/h2><div class=\"title-sep-container\"><div class=\"title-sep sep-single sep-solid\" style=\"border-color:#e0dede;\"><\/div><\/div><\/div><div class=\"fusion-text\"><p>Utilizando en sinergia varias herramientas como la M\u00fasica, la SonoTerapia de la naturaleza, los cuencos de cuarzo, los cuencos tibetanos, didjeridoo, tambores, la voz, flautas; combinados con Reiki (energ\u00eda universal); VortexHealing\u00ae, Gemas; con Aromas; Meditaciones espec\u00edficas y Ejercicios Y\u00f3guicos.<\/p>\n<p><strong>Sesiones Individuales<br \/>\n<\/strong>&#8230;de limpieza, armonizaci\u00f3n e integraci\u00f3n de todos los cuerpos.<\/p>\n<p>Abrimos un Espacio-Tiempo Sagrado,\u00a0con la intenci\u00f3n de RecorDarte qui\u00e9n realmente eres\u2026<br \/>\nMe cont\u00e1s tu historia y tu presente, y juntos vamos eligiendo el modo de trabajo a trav\u00e9s de una s\u00edntesis de dones, herramientas y t\u00e9cnicas. La intenci\u00f3n es espertar la consciencia de qui\u00e9n realmente eres y de toda tu responsabilidad, de tu automaestr\u00eda y tu potencial creativo para SER FELIZ.<\/p>\n<p><strong>Sesiones de Pareja, Grupales y Familiares<br \/>\n<\/strong>Con la intenci\u00f3n de <em>Sanar V\u00ednculos<\/em> y potenciar cualquier Camino de Autoconocimiento y Autoayuda Grupal, abrimos un Espacio-Tiempo Sagrado, donde, basados en la historia y el presente, \u00abviajamos\u00bb a trav\u00e9s de una s\u00edntesis vibracional de limpieza, armonizaci\u00f3n e integraci\u00f3n.<\/p>\n<p>Despertando consciencia del v\u00ednculo tratado, ya sea de grupo o de pareja y de toda nuestra responsabilidad, de nuestra automaestr\u00eda y nuestro potencial creativo para sanar dicho v\u00ednculo, soltar y transmutar viejos lastres k\u00e1rmicos. Con la posibilidad de realizarlo en su propia casa o lugar de sesi\u00f3n de grupo, armonizando tambi\u00e9n la energ\u00eda del espacio.<\/p>\n<p>*Sesiones v\u00eda Zoom a cualquier parte del mundo. (en espa\u00f1ol, portugu\u00e9s o ingl\u00e9s)<\/p>\n<\/div><div class=\"fusion-sep-clear\"><\/div><div class=\"fusion-separator fusion-full-width-sep sep-none\" style=\"margin-left: auto;margin-right: auto;margin-top:20px;\"><\/div><div class=\"fusion-button-wrapper fusion-alignright\"><style type=\"text\/css\" scoped=\"scoped\">.fusion-button.button-1 .fusion-button-text, .fusion-button.button-1 i {color:#ffffff;}.fusion-button.button-1 {border-width:1px;border-color:#ffffff;}.fusion-button.button-1 .fusion-button-icon-divider{border-color:#ffffff;}.fusion-button.button-1:hover .fusion-button-text, .fusion-button.button-1:hover i,.fusion-button.button-1:focus .fusion-button-text, .fusion-button.button-1:focus i,.fusion-button.button-1:active .fusion-button-text, .fusion-button.button-1:active{color:#fcfcfc;}.fusion-button.button-1:hover, .fusion-button.button-1:focus, .fusion-button.button-1:active{border-width:1px;border-color:#fcfcfc;}.fusion-button.button-1:hover .fusion-button-icon-divider, .fusion-button.button-1:hover .fusion-button-icon-divider, .fusion-button.button-1:active .fusion-button-icon-divider{border-color:#fcfcfc;}.fusion-button.button-1{background: #00b5c7;\n\t\t\t\t\t\t\tbackground-image: -webkit-gradient( linear, left bottom, left top, from( #009aa8 ), to( #00b5c7 ) );\n\t\t\t\t\t\t\tbackground-image: -webkit-linear-gradient( bottom, #009aa8, #00b5c7 );\n\t\t\t\t\t\t\tbackground-image:   -moz-linear-gradient( bottom, #009aa8, #00b5c7 );\n\t\t\t\t\t\t\tbackground-image:     -o-linear-gradient( bottom, #009aa8, #00b5c7 );\n\t\t\t\t\t\t\tbackground-image: linear-gradient( to top, #009aa8, #00b5c7 );}.fusion-button.button-1:hover,.button-1:focus,.fusion-button.button-1:active{background: #009aa8;\n\t\t\t\t\t\t\tbackground-image: -webkit-gradient( linear, left bottom, left top, from( #00b5c7 ), to( #009aa8 ) );\n\t\t\t\t\t\t\tbackground-image: -webkit-linear-gradient( bottom, #00b5c7, #009aa8 );\n\t\t\t\t\t\t\tbackground-image:   -moz-linear-gradient( bottom, #00b5c7, #009aa8 );\n\t\t\t\t\t\t\tbackground-image:     -o-linear-gradient( bottom, #00b5c7, #009aa8 );\n\t\t\t\t\t\t\tbackground-image: linear-gradient( to top, #00b5c7, #009aa8 );}.fusion-button.button-1{width:auto;}<\/style><a class=\"fusion-button button-flat fusion-button-square button-small button-custom button-1\" target=\"_self\" href=\"\/?page_id=50\"><span class=\"fusion-button-text\">Contacto<\/span><\/a><\/div><div class=\"fusion-clearfix\"><\/div>\n\n\t\t\t\t\t<\/div>\n\t\t\t\t<\/div><div  class=\"fusion-layout-column fusion_builder_column fusion_builder_column_1_1  fusion-one-full fusion-column-first fusion-column-last fusion-column-no-min-height 1_1\"  style='margin-top:0px;margin-bottom:0px;'>\n\t\t\t\t\t<div class=\"fusion-column-wrapper\" style=\"padding: 0px 0px 0px 0px;background-position:left top;background-repeat:no-repeat;-webkit-background-size:cover;-moz-background-size:cover;-o-background-size:cover;background-size:cover;\"  data-bg-url=\"\">\n\t\t\t\t\t\t<div class=\"fusion-title title fusion-title-size-three\" style=\"margin-top:0px;margin-bottom:31px;\"><h3 class=\"title-heading-left\">Galer\u00eda de Im\u00e1genes de Terapias con Sonido<\/h3><div class=\"title-sep-container\"><div class=\"title-sep sep-single sep-solid\" style=\"border-color:#e0dede;\"><\/div><\/div><\/div><div class=\"fusion-clearfix\"><\/div>\n\n\t\t\t\t\t<\/div>\n\t\t\t\t<\/div><div  class=\"fusion-layout-column fusion_builder_column fusion_builder_column_1_1  fusion-one-full fusion-column-first fusion-column-last fusion-column-no-min-height 1_1\"  style='margin-top:0px;margin-bottom:0px;'>\n\t\t\t\t\t<div class=\"fusion-column-wrapper\" style=\"padding: 0px 0px 0px 0px;background-position:left top;background-repeat:no-repeat;-webkit-background-size:cover;-moz-background-size:cover;-o-background-size:cover;background-size:cover;\"  data-bg-url=\"\">\n\t\t\t\t\t\t<div class=\"fusion-image-carousel fusion-image-carousel-auto lightbox-enabled fusion-carousel-border\"><div class=\"fusion-carousel\" data-autoplay=\"no\" data-columns=\"5\" data-itemmargin=\"13\" data-itemwidth=\"180\" data-touchscroll=\"no\" data-imagesize=\"auto\"><div class=\"fusion-carousel-positioner\"><ul class=\"fusion-carousel-holder\"><li class=\"fusion-carousel-item\"><div class=\"fusion-carousel-item-wrapper\"><div class=\"fusion-image-wrapper hover-type-none\"><a data-rel=\"iLightbox[gallery_image_1]\" href=\"\/wp-content\/uploads\/2015\/05\/terapia_sonido_1.jpg\" target=\"_self\"><img decoding=\"async\" src=\"\/wp-content\/uploads\/2015\/05\/terapia_sonido_1_ch.jpg\" alt=\"\"\/><\/a><\/div><\/div><\/li><li class=\"fusion-carousel-item\"><div class=\"fusion-carousel-item-wrapper\"><div class=\"fusion-image-wrapper hover-type-none\"><a data-rel=\"iLightbox[gallery_image_1]\" href=\"\/wp-content\/uploads\/2015\/05\/terapia_sonido_2.jpg\" target=\"_self\"><img decoding=\"async\" src=\"\/wp-content\/uploads\/2015\/05\/terapia_sonido_2_ch.jpg\" alt=\"\"\/><\/a><\/div><\/div><\/li><li class=\"fusion-carousel-item\"><div class=\"fusion-carousel-item-wrapper\"><div class=\"fusion-image-wrapper hover-type-none\"><a data-rel=\"iLightbox[gallery_image_1]\" href=\"\/wp-content\/uploads\/2015\/05\/terapia_sonido_3.jpg\" target=\"_self\"><img decoding=\"async\" src=\"\/wp-content\/uploads\/2015\/05\/terapia_sonido_3_ch.jpg\" alt=\"\"\/><\/a><\/div><\/div><\/li><li class=\"fusion-carousel-item\"><div class=\"fusion-carousel-item-wrapper\"><div class=\"fusion-image-wrapper hover-type-none\"><a data-rel=\"iLightbox[gallery_image_1]\" href=\"\/wp-content\/uploads\/2015\/05\/terapia_sonido_4.jpg\" target=\"_self\"><img decoding=\"async\" src=\"\/wp-content\/uploads\/2015\/05\/terapia_sonido_4_ch.jpg\" alt=\"\"\/><\/a><\/div><\/div><\/li><li class=\"fusion-carousel-item\"><div class=\"fusion-carousel-item-wrapper\"><div class=\"fusion-image-wrapper hover-type-none\"><a data-rel=\"iLightbox[gallery_image_1]\" href=\"\/wp-content\/uploads\/2015\/05\/terapia_sonido_5.jpg\" target=\"_self\"><img decoding=\"async\" src=\"\/wp-content\/uploads\/2015\/05\/terapia_sonido_5_ch.jpg\" alt=\"\"\/><\/a><\/div><\/div><\/li><li class=\"fusion-carousel-item\"><div class=\"fusion-carousel-item-wrapper\"><div class=\"fusion-image-wrapper hover-type-none\"><a data-rel=\"iLightbox[gallery_image_1]\" href=\"\/wp-content\/uploads\/2015\/05\/terapia_sonido_6.jpg\" target=\"_self\"><img decoding=\"async\" src=\"\/wp-content\/uploads\/2015\/05\/terapia_sonido_6_ch.jpg\" alt=\"\"\/><\/a><\/div><\/div><\/li><li class=\"fusion-carousel-item\"><div class=\"fusion-carousel-item-wrapper\"><div class=\"fusion-image-wrapper hover-type-none\"><a data-rel=\"iLightbox[gallery_image_1]\" href=\"\/wp-content\/uploads\/2015\/05\/terapia_sonido_7.jpg\" target=\"_self\"><img decoding=\"async\" src=\"\/wp-content\/uploads\/2015\/05\/terapia_sonido_7_ch.jpg\" alt=\"\"\/><\/a><\/div><\/div><\/li><\/ul><div class=\"fusion-carousel-nav\"><span class=\"fusion-nav-prev\"><\/span><span class=\"fusion-nav-next\"><\/span><\/div><\/div><\/div><\/div><div class=\"fusion-button-wrapper fusion-alignright\"><style type=\"text\/css\" scoped=\"scoped\">.fusion-button.button-2 .fusion-button-text, .fusion-button.button-2 i {color:#ffffff;}.fusion-button.button-2 {border-width:1px;border-color:#ffffff;}.fusion-button.button-2 .fusion-button-icon-divider{border-color:#ffffff;}.fusion-button.button-2:hover .fusion-button-text, .fusion-button.button-2:hover i,.fusion-button.button-2:focus .fusion-button-text, .fusion-button.button-2:focus i,.fusion-button.button-2:active .fusion-button-text, .fusion-button.button-2:active{color:#fcfcfc;}.fusion-button.button-2:hover, .fusion-button.button-2:focus, .fusion-button.button-2:active{border-width:1px;border-color:#fcfcfc;}.fusion-button.button-2:hover .fusion-button-icon-divider, .fusion-button.button-2:hover .fusion-button-icon-divider, .fusion-button.button-2:active .fusion-button-icon-divider{border-color:#fcfcfc;}.fusion-button.button-2{background: #00b5c7;\n\t\t\t\t\t\t\tbackground-image: -webkit-gradient( linear, left bottom, left top, from( #009aa8 ), to( #00b5c7 ) );\n\t\t\t\t\t\t\tbackground-image: -webkit-linear-gradient( bottom, #009aa8, #00b5c7 );\n\t\t\t\t\t\t\tbackground-image:   -moz-linear-gradient( bottom, #009aa8, #00b5c7 );\n\t\t\t\t\t\t\tbackground-image:     -o-linear-gradient( bottom, #009aa8, #00b5c7 );\n\t\t\t\t\t\t\tbackground-image: linear-gradient( to top, #009aa8, #00b5c7 );}.fusion-button.button-2:hover,.button-2:focus,.fusion-button.button-2:active{background: #009aa8;\n\t\t\t\t\t\t\tbackground-image: -webkit-gradient( linear, left bottom, left top, from( #00b5c7 ), to( #009aa8 ) );\n\t\t\t\t\t\t\tbackground-image: -webkit-linear-gradient( bottom, #00b5c7, #009aa8 );\n\t\t\t\t\t\t\tbackground-image:   -moz-linear-gradient( bottom, #00b5c7, #009aa8 );\n\t\t\t\t\t\t\tbackground-image:     -o-linear-gradient( bottom, #00b5c7, #009aa8 );\n\t\t\t\t\t\t\tbackground-image: linear-gradient( to top, #00b5c7, #009aa8 );}.fusion-button.button-2{width:auto;}<\/style><a class=\"fusion-button button-flat fusion-button-square button-small button-custom button-2\" target=\"_self\" href=\"\/?page_id=57\"><span class=\"fusion-button-text\">Volver al Home de Terapias y servicios<\/span><\/a><\/div><div class=\"fusion-clearfix\"><\/div>\n\n\t\t\t\t\t<\/div>\n\t\t\t\t<\/div><\/div><\/div>\n","protected":false},"excerpt":{"rendered":"","protected":false},"author":1,"featured_media":0,"parent":0,"menu_order":0,"comment_status":"open","ping_status":"open","template":"","meta":{"footnotes":""},"class_list":["post-102","page","type-page","status-publish","hentry"],"_links":{"self":[{"href":"https:\/\/pablomrobles.org\/en\/wp-json\/wp\/v2\/pages\/102","targetHints":{"allow":["GET"]}}],"collection":[{"href":"https:\/\/pablomrobles.org\/en\/wp-json\/wp\/v2\/pages"}],"about":[{"href":"https:\/\/pablomrobles.org\/en\/wp-json\/wp\/v2\/types\/page"}],"author":[{"embeddable":true,"href":"https:\/\/pablomrobles.org\/en\/wp-json\/wp\/v2\/users\/1"}],"replies":[{"embeddable":true,"href":"https:\/\/pablomrobles.org\/en\/wp-json\/wp\/v2\/comments?post=102"}],"version-history":[{"count":27,"href":"https:\/\/pablomrobles.org\/en\/wp-json\/wp\/v2\/pages\/102\/revisions"}],"predecessor-version":[{"id":4792,"href":"https:\/\/pablomrobles.org\/en\/wp-json\/wp\/v2\/pages\/102\/revisions\/4792"}],"wp:attachment":[{"href":"https:\/\/pablomrobles.org\/en\/wp-json\/wp\/v2\/media?parent=102"}],"curies":[{"name":"wp","href":"https:\/\/api.w.org\/{rel}","templated":true}]}}